{"id":17717,"date":"2016-03-07T16:52:36","date_gmt":"2016-03-07T14:52:36","guid":{"rendered":"https:\/\/www.musee-balzac.fr\/accueil\/"},"modified":"2023-02-28T12:28:24","modified_gmt":"2023-02-28T11:28:24","slug":"accueil","status":"publish","type":"page","link":"https:\/\/www.musee-balzac.fr\/en\/","title":{"rendered":"Welcome to the Ch\u00e2teau de Sach\u00e9 &#8211; Mus\u00e9e Balzac"},"content":{"rendered":"<div id=\"pl-17717\"  class=\"panel-layout\" ><div id=\"pg-17717-0\"  class=\"panel-grid panel-has-style\" ><div class=\"panel-row-style panel-row-style-for-17717-0\" ><div id=\"pgc-17717-0-0\"  class=\"panel-grid-cell\" ><div id=\"panel-17717-0-0-0\" class=\"so-panel widget widget_sow-editor panel-first-child panel-last-child\" data-index=\"0\" ><div\n\t\t\t\n\t\t\tclass=\"so-widget-sow-editor so-widget-sow-editor-base\"\n\t\t\t\n\t\t>\n<div class=\"siteorigin-widget-tinymce textwidget\">\n\t<h1 style=\"text-align: center;\">Welcome to the Ch\u00e2teau de Sach\u00e9 - Mus\u00e9e Balzac<\/h1>\n<\/div>\n<\/div><\/div><\/div><\/div><\/div><div id=\"pg-17717-1\"  class=\"panel-grid panel-has-style\" ><div class=\"image_droite siteorigin-panels-stretch panel-row-style panel-row-style-for-17717-1\" data-stretch-type=\"full\" ><div id=\"pgc-17717-1-0\"  class=\"panel-grid-cell\" ><div id=\"panel-17717-1-0-0\" class=\"so-panel widget widget_sow-editor panel-first-child panel-last-child\" data-index=\"1\" ><div class=\"panel-widget-style panel-widget-style-for-17717-1-0-0\" ><div\n\t\t\t\n\t\t\tclass=\"so-widget-sow-editor so-widget-sow-editor-base\"\n\t\t\t\n\t\t>\n<div class=\"siteorigin-widget-tinymce textwidget\">\n\t<div class=\"sous_titre_orange\">\n<p>Deep in the Indre Valley<\/p>\n<\/div>\n<h2>The Ch\u00e2teau de Sach\u00e9, a historical landmark and source of inspiration for Honor\u00e9 de Balzac<\/h2>\n<p>Deep in the Indre Valley, the Ch\u00e2teau de Sach\u00e9 was one of Honor\u00e9 de Balzac's favourite places to go for inspiration. Between 1825 and 1848, he stayed at Jean Margonne's home a dozen times. Balzac's small bedroom provided him with the silence and austerity that, away from his hectic life in Paris and financial worries, enabled him to work for twelve to sixteen hours a day. \u00a0Some of <em>Father Goriot, Louis Lambert, C\u00e9sar Birotteau<\/em>\u00a0and\u00a0<em>Lost Illusions\u00a0<\/em>were written here. Sach\u00e9 also inspired Balzac to set his novel <em>The Lily of the Valley<\/em>\u00a0in the idyllic Indre Valley.<\/p>\n<p>&nbsp;<\/p>\n<div class=\"btn_noir\"><a href=\"https:\/\/www.musee-balzac.fr\/en\/decouvrir-le-musee\/\">Discover<\/a><\/div>\n<div><\/div>\n<\/div>\n<\/div><\/div><\/div><\/div><div id=\"pgc-17717-1-1\"  class=\"panel-grid-cell\" ><div id=\"panel-17717-1-1-0\" class=\"so-panel widget widget_sow-editor panel-first-child panel-last-child\" data-index=\"2\" ><div class=\"animation_droite_gauche panel-widget-style panel-widget-style-for-17717-1-1-0\" ><div\n\t\t\t\n\t\t\tclass=\"so-widget-sow-editor so-widget-sow-editor-base\"\n\t\t\t\n\t\t>\n<div class=\"siteorigin-widget-tinymce textwidget\">\n\t<p style=\"text-align: right;\"><img loading=\"lazy\" decoding=\"async\" class=\"wp-image-16998 size-full\" src=\"http:\/\/www.musee-balzac.fr\/wp-content\/uploads\/2021\/07\/Groupe-de-masques-34.jpg\" alt=\"\" width=\"510\" height=\"524\" srcset=\"https:\/\/www.musee-balzac.fr\/wp-content\/uploads\/2021\/07\/Groupe-de-masques-34.jpg 510w, https:\/\/www.musee-balzac.fr\/wp-content\/uploads\/2021\/07\/Groupe-de-masques-34-292x300.jpg 292w\" sizes=\"auto, (max-width: 510px) 100vw, 510px\" \/><\/p>\n<p style=\"text-align: right;\">Main lounge, ch\u00e2teau de Sach\u00e9, \u00a9 photo Stevens Fr\u00e9mont.<\/p>\n<\/div>\n<\/div><\/div><\/div><\/div><\/div><\/div><div id=\"pg-17717-2\"  class=\"panel-grid panel-no-style\" ><div id=\"pgc-17717-2-0\"  class=\"panel-grid-cell\" ><div id=\"panel-17717-2-0-0\" class=\"so-panel widget widget_sow-editor panel-first-child panel-last-child\" data-index=\"3\" ><div\n\t\t\t\n\t\t\tclass=\"so-widget-sow-editor so-widget-sow-editor-base\"\n\t\t\t\n\t\t>\n<div class=\"siteorigin-widget-tinymce textwidget\">\n\t<div class=\"h2-like\" style=\"text-align: center;\">Plan your visit<\/div>\n<\/div>\n<\/div><\/div><\/div><\/div><div id=\"pg-17717-3\"  class=\"panel-grid panel-has-style\" ><div class=\"bloc_quatre_image panel-row-style panel-row-style-for-17717-3\" ><div id=\"pgc-17717-3-0\"  class=\"panel-grid-cell\" ><div id=\"panel-17717-3-0-0\" class=\"so-panel widget widget_siteorigin-panels-builder panel-first-child panel-last-child\" data-index=\"4\" ><div id=\"pl-w63fde5582174e\"  class=\"panel-layout\" ><div id=\"pg-w63fde5582174e-0\"  class=\"panel-grid panel-has-style\" ><div class=\"ligne_horaire_tarif panel-row-style panel-row-style-for-w63fde5582174e-0\" ><div id=\"pgc-w63fde5582174e-0-0\"  class=\"panel-grid-cell\" ><div id=\"panel-w63fde5582174e-0-0-0\" class=\"so-panel widget widget_encart-text-img-link panel-first-child panel-last-child\" data-index=\"0\" ><div class=\"texte  panel-widget-style panel-widget-style-for-w63fde5582174e-0-0-0\" ><div\n\t\t\t\n\t\t\tclass=\"so-widget-encart-text-img-link so-widget-encart-text-img-link-base\"\n\t\t\t\n\t\t><div class=\"etil-block-container\">\n    <a href=\"https:\/\/www.musee-balzac.fr\/en\/visit\/useful-informations\/\" class=\"etil-block-link\" title=\"\">\t<img decoding=\"async\" class=\"etil-img\" src=\"https:\/\/www.musee-balzac.fr\/wp-content\/uploads\/2021\/07\/Groupe-de-masques-32.jpg\" alt=\"\" \/>\n        <div class=\"etil-block-text\">\n            <p><img loading=\"lazy\" decoding=\"async\" class=\"aligncenter wp-image-17018 size-full\" src=\"https:\/\/www.musee-balzac.fr\/wp-content\/uploads\/2021\/07\/tickets.png\" alt=\"\" width=\"73\" height=\"64\" \/><\/p>\n<p style=\"text-align: center\">Opening times &amp; Prices<\/p>\n        <\/div>\n    <\/a>        \n<\/div>\n<\/div><\/div><\/div><\/div><\/div><\/div><div id=\"pg-w63fde5582174e-1\"  class=\"panel-grid panel-has-style\" ><div class=\"bloc_trois_image panel-row-style panel-row-style-for-w63fde5582174e-1\" ><div id=\"pgc-w63fde5582174e-1-0\"  class=\"panel-grid-cell\" ><div id=\"panel-w63fde5582174e-1-0-0\" class=\"so-panel widget widget_encart-text-img-link panel-first-child panel-last-child\" data-index=\"1\" ><div\n\t\t\t\n\t\t\tclass=\"so-widget-encart-text-img-link so-widget-encart-text-img-link-base\"\n\t\t\t\n\t\t><div class=\"etil-block-container\">\n    <a href=\"https:\/\/www.musee-balzac.fr\/la-visite\/offre-de-visite\/\" class=\"etil-block-link\" title=\"\">\t<img decoding=\"async\" class=\"etil-img\" src=\"https:\/\/www.musee-balzac.fr\/wp-content\/uploads\/2021\/07\/Groupe-de-masques-28.jpg\" alt=\"\" \/>\n        <div class=\"etil-block-text\">\n            <p style=\"text-align: center\"><img loading=\"lazy\" decoding=\"async\" class=\"alignnone size-full wp-image-17014\" src=\"https:\/\/www.musee-balzac.fr\/wp-content\/uploads\/2021\/07\/Groupe-7292.png\" alt=\"\" width=\"70\" height=\"78\" \/><\/p>\n<p style=\"text-align: center\">Visits<\/p>\n        <\/div>\n    <\/a>        \n<\/div>\n<\/div><\/div><\/div><div id=\"pgc-w63fde5582174e-1-1\"  class=\"panel-grid-cell\" ><div id=\"panel-w63fde5582174e-1-1-0\" class=\"so-panel widget widget_encart-text-img-link panel-first-child panel-last-child\" data-index=\"2\" ><div\n\t\t\t\n\t\t\tclass=\"so-widget-encart-text-img-link so-widget-encart-text-img-link-base\"\n\t\t\t\n\t\t><div class=\"etil-block-container\">\n    <a href=\"https:\/\/www.musee-balzac.fr\/la-visite\/services-accessibilite\/\" class=\"etil-block-link\" title=\"\">\t<img decoding=\"async\" class=\"etil-img\" src=\"https:\/\/www.musee-balzac.fr\/wp-content\/uploads\/2021\/07\/Groupe-de-masques-30.jpg\" alt=\"\" \/>\n        <div class=\"etil-block-text\">\n            <p style=\"text-align: center\"><img loading=\"lazy\" decoding=\"async\" class=\"alignnone size-full wp-image-17016\" src=\"https:\/\/www.musee-balzac.fr\/wp-content\/uploads\/2021\/07\/location.png\" alt=\"\" width=\"78\" height=\"78\" \/><\/p>\n<p style=\"text-align: center\">Services<\/p>\n        <\/div>\n    <\/a>        \n<\/div>\n<\/div><\/div><\/div><div id=\"pgc-w63fde5582174e-1-2\"  class=\"panel-grid-cell\" ><div id=\"panel-w63fde5582174e-1-2-0\" class=\"so-panel widget widget_encart-text-img-link panel-first-child panel-last-child\" data-index=\"3\" ><div\n\t\t\t\n\t\t\tclass=\"so-widget-encart-text-img-link so-widget-encart-text-img-link-base\"\n\t\t\t\n\t\t><div class=\"etil-block-container\">\n    <a href=\"https:\/\/www.musee-balzac.fr\/en\/visit\/your-stay\/\" class=\"etil-block-link\" title=\"\">\t<img decoding=\"async\" class=\"etil-img\" src=\"https:\/\/www.musee-balzac.fr\/wp-content\/uploads\/2021\/07\/Groupe-de-masques-29.jpg\" alt=\"\" \/>\n        <div class=\"etil-block-text\">\n            <p style=\"text-align: center\"><img loading=\"lazy\" decoding=\"async\" class=\"alignnone size-full wp-image-17012\" src=\"https:\/\/www.musee-balzac.fr\/wp-content\/uploads\/2021\/07\/backpack.png\" alt=\"\" width=\"75\" height=\"78\" \/><\/p>\n<p style=\"text-align: center\">Your stay<\/p>\n        <\/div>\n    <\/a>        \n<\/div>\n<\/div><\/div><\/div><\/div><\/div><\/div><\/div><\/div><\/div><\/div><div id=\"pg-17717-4\"  class=\"panel-grid panel-has-style\" ><div class=\"image_gauche siteorigin-panels-stretch panel-row-style panel-row-style-for-17717-4\" data-stretch-type=\"full\" ><div id=\"pgc-17717-4-0\"  class=\"panel-grid-cell\" ><div id=\"panel-17717-4-0-0\" class=\"so-panel widget widget_sow-editor panel-first-child panel-last-child\" data-index=\"5\" ><div class=\"animation_gauche_droite panel-widget-style panel-widget-style-for-17717-4-0-0\" ><div\n\t\t\t\n\t\t\tclass=\"so-widget-sow-editor so-widget-sow-editor-base\"\n\t\t\t\n\t\t>\n<div class=\"siteorigin-widget-tinymce textwidget\">\n\t<p><img loading=\"lazy\" decoding=\"async\" class=\"alignnone wp-image-17795\" style=\"font-size: 1.6em;\" src=\"http:\/\/www.musee-balzac.fr\/wp-content\/uploads\/2021\/10\/1_ACCUEIL_Portrait_balzac_boulanger_photo_dominique_couineau-836x1024.jpg\" alt=\"\" width=\"480\" height=\"588\" srcset=\"https:\/\/www.musee-balzac.fr\/wp-content\/uploads\/2021\/10\/1_ACCUEIL_Portrait_balzac_boulanger_photo_dominique_couineau-836x1024.jpg 836w, https:\/\/www.musee-balzac.fr\/wp-content\/uploads\/2021\/10\/1_ACCUEIL_Portrait_balzac_boulanger_photo_dominique_couineau-245x300.jpg 245w, https:\/\/www.musee-balzac.fr\/wp-content\/uploads\/2021\/10\/1_ACCUEIL_Portrait_balzac_boulanger_photo_dominique_couineau-1254x1536.jpg 1254w, https:\/\/www.musee-balzac.fr\/wp-content\/uploads\/2021\/10\/1_ACCUEIL_Portrait_balzac_boulanger_photo_dominique_couineau-1320x1617.jpg 1320w, https:\/\/www.musee-balzac.fr\/wp-content\/uploads\/2021\/10\/1_ACCUEIL_Portrait_balzac_boulanger_photo_dominique_couineau.jpg 1500w\" sizes=\"auto, (max-width: 480px) 100vw, 480px\" \/><\/p>\n<p>Louis BOULANGER, <em>Honor\u00e9 de Balzac,<\/em> oil on canvas, Tours Fine Arts Museum collection, 1836, \u00a9 Dominique Couineau.<\/p>\n<\/div>\n<\/div><\/div><\/div><\/div><div id=\"pgc-17717-4-1\"  class=\"panel-grid-cell\" ><div id=\"panel-17717-4-1-0\" class=\"so-panel widget widget_sow-editor panel-first-child panel-last-child\" data-index=\"6\" ><div class=\"appostrophe panel-widget-style panel-widget-style-for-17717-4-1-0\" ><div\n\t\t\t\n\t\t\tclass=\"so-widget-sow-editor so-widget-sow-editor-base\"\n\t\t\t\n\t\t>\n<div class=\"siteorigin-widget-tinymce textwidget\">\n\t<h2>Sach\u00e9, Balzac's refuge<\/h2>\n<div><\/div>\n<div class=\"h3-like\">I have come to take refuge here in the depths of a ch\u00e2teau, <span style=\"color: #ff9900;\">like\u00a0in a\u00a0monastery<\/span><\/div>\n<div><em><span style=\"font-size: 24px;\">Honor\u00e9 de Balzac - Sach\u00e9 1831<\/span><\/em><\/div>\n<div><\/div>\n<div><\/div>\n<p>&nbsp;<\/p>\n<p>Honor\u00e9 de Balzac was born in Tours in 1799 and moved to Paris when he was 14. Sach\u00e9 was more than a refuge from his creditors, it was also a \"monastery\" where he could write and recharge his batteries in the peace and quiet. The author suffered from heart and lung issues in the 1830s. His doctor, Dr. Nacquart, prescribed <em>fresh air in his homeland<\/em> to recover from his hectic Paris schedule. Balzac's stays in Sach\u00e9 were peppered with long walks in the century-old woods on the estate, trips to visit local ch\u00e2teau owners and games of whist and backgammon with the owner Jean Margonne.<\/p>\n<p>&nbsp;<\/p>\n<p>&nbsp;<\/p>\n<div><\/div>\n<div class=\"btn_noir btn_orange\"><a href=\"https:\/\/www.musee-balzac.fr\/en\/explore-the-museum\/balzac-in-sache\/\">BALZAC AT CH\u00c2TEAU DE SACH\u00c9<\/a><\/div>\n<\/div>\n<\/div><\/div><\/div><\/div><\/div><\/div><div id=\"pg-17717-5\"  class=\"panel-grid panel-has-style\" ><div class=\"siteorigin-panels-stretch panel-row-style panel-row-style-for-17717-5\" data-stretch-type=\"full-stretched\" ><div id=\"pgc-17717-5-0\"  class=\"panel-grid-cell\" ><div id=\"panel-17717-5-0-0\" class=\"so-panel widget widget_encart-text-img-link panel-first-child panel-last-child\" data-index=\"7\" ><div class=\"bloc_collection_lys animation_gauche_droite texte_blanc panel-widget-style panel-widget-style-for-17717-5-0-0\" ><div\n\t\t\t\n\t\t\tclass=\"so-widget-encart-text-img-link so-widget-encart-text-img-link-base\"\n\t\t\t\n\t\t><div class=\"etil-block-container\">\n    <a href=\"https:\/\/www.musee-balzac.fr\/en\/explore-the-museum\/collections\/\" class=\"etil-block-link\" title=\"\">\t<img decoding=\"async\" class=\"etil-img\" src=\"https:\/\/www.musee-balzac.fr\/wp-content\/uploads\/2021\/07\/Groupe-de-masques-26.jpg\" alt=\"\" \/>\n        <div class=\"etil-block-text\">\n            <h3 style=\"text-align: center\">collections<\/h3>\n<p style=\"text-align: center\">Museum of France and Maison des Illustres, the Balzac Museum presents a collection of approximately 2,300 pieces (sculptures, paintings, prints, manuscripts, prints, drawings, photographs, printing equipment, furniture). Its vocation is to transmit and promote the memory of Honor\u00e9 de Balzac<\/p>\n<p>&nbsp;<\/p>\n<div class=\"btn_bordure_grise\" style=\"text-align: center\">More informations<\/div>\n<div style=\"text-align: center\"><\/div>\n        <\/div>\n    <\/a>        \n<\/div>\n<\/div><\/div><\/div><\/div><div id=\"pgc-17717-5-1\"  class=\"panel-grid-cell\" ><div id=\"panel-17717-5-1-0\" class=\"so-panel widget widget_encart-text-img-link panel-first-child panel-last-child\" data-index=\"8\" ><div class=\"bloc_collection_lys animation_droite_gauche texte_blanc panel-widget-style panel-widget-style-for-17717-5-1-0\" ><div\n\t\t\t\n\t\t\tclass=\"so-widget-encart-text-img-link so-widget-encart-text-img-link-base\"\n\t\t\t\n\t\t><div class=\"etil-block-container\">\n    <a href=\"http:\/\/www.lysdanslavallee.fr\/en\" class=\"etil-block-link\" title=\"\">\t<img decoding=\"async\" class=\"etil-img\" src=\"https:\/\/www.musee-balzac.fr\/wp-content\/uploads\/2021\/07\/Groupe-7304.jpg\" alt=\"\" \/>\n        <div class=\"etil-block-text\">\n            <h3 style=\"text-align: center\">Le Lys dans la Vall\u00e9e<\/h3>\n<p class=\"p1\">Discover our website dedicated to the work of Balzac, whose plot is located in the idyllic setting of the Indre Valley.<\/p>\n<p>&nbsp;<\/p>\n<div class=\"btn_bordure_grise\" style=\"text-align: center\">More informations<\/div>\n<div style=\"text-align: center\"><\/div>\n        <\/div>\n    <\/a>        \n<\/div>\n<\/div><\/div><\/div><\/div><\/div><\/div><div id=\"pg-17717-6\"  class=\"panel-grid panel-no-style\" ><div id=\"pgc-17717-6-0\"  class=\"panel-grid-cell\" ><!-- not cached-nc_news-widget --><div id=\"panel-17717-6-0-0\" class=\"so-panel widget widget_netconcept_news net-concept-news panel-first-child panel-last-child bloc-diaporama_solution\" data-index=\"9\" ><div class=\"widget-title\">News<\/div><div class=\"list_items no_slide\"><ul class=\"slides-container \"><li class=\"slide-container \"><div class=\"item \"><div class=\"bloc_actu\">\n<a href=\"\" title=\"lien actualit\u00e9\">\n<div class=\"image\">\n<img loading=\"lazy\" decoding=\"async\" width=\"1040\" height=\"680\" src=\"https:\/\/www.musee-balzac.fr\/wp-content\/uploads\/2025\/01\/carre_site_internet-1040x680.jpg\" class=\"attachment-vignette_listing_act_home_1040x680 size-vignette_listing_act_home_1040x680 wp-post-image\" alt=\"\" title=\"News of Balzac Museum\" srcset=\"https:\/\/www.musee-balzac.fr\/wp-content\/uploads\/2025\/01\/carre_site_internet-1040x680.jpg 1040w, https:\/\/www.musee-balzac.fr\/wp-content\/uploads\/2025\/01\/carre_site_internet-404x264.jpg 404w\" sizes=\"auto, (max-width: 1040px) 100vw, 1040px\" \/>\n<div class=\"bloc_texte\">\n<div class=\"categorie\">News<\/div>\n<div class=\"titre\">News of Balzac Museum<\/div>\n<div class=\"extrait\">Exhibition &gt; April 5, 2025 &#8211; october 5, 2025 As part of his plan to describe the whole of society in the times he lived in, Balzac couldn&#8217;t leave [&hellip;]<\/div>\n<div class=\"more\">En savoir plus<\/div>\n<\/div>\n<\/div>\n<\/a>\n<\/div><\/div><\/li><\/ul><\/div><\/div><!-- \/not cached-nc_news-widget --><\/div><\/div><\/div>","protected":false},"excerpt":{"rendered":"<p>Welcome to the Ch\u00e2teau de Sach\u00e9 &#8211; Mus\u00e9e Balzac Deep in the Indre Valley The Ch\u00e2teau de Sach\u00e9, a historical landmark and source of inspiration for Honor\u00e9 de Balzac [&hellip;]<\/p>\n","protected":false},"author":4,"featured_media":0,"parent":0,"menu_order":106,"comment_status":"closed","ping_status":"closed","template":"front-page.php","meta":{"inline_featured_image":false,"footnotes":""},"class_list":["post-17717","page","type-page","status-publish","hentry"],"yoast_head":"<!-- This site is optimized with the Yoast SEO plugin v27.5 - https:\/\/yoast.com\/product\/yoast-seo-wordpress\/ -->\n<title>Mus\u00e9e Balzac - Bienvenue au ch\u00e2teau de Sach\u00e9, un lieu d&#039;inspiration<\/title>\n<meta name=\"description\" content=\"Retouvez la vie d&#039;Honor\u00e9 de Balzac au ch\u00e2teau de Sach\u00e9 en Touraine. Un lieu d\u2019histoire, source d\u2019inspiration pour de nombreux romans de Balzac\" \/>\n<meta name=\"robots\" content=\"index, follow, max-snippet:-1, max-image-preview:large, max-video-preview:-1\" \/>\n<link rel=\"canonical\" href=\"https:\/\/www.musee-balzac.fr\/en\/\" \/>\n<meta name=\"twitter:label1\" content=\"Est. reading time\" \/>\n\t<meta name=\"twitter:data1\" content=\"2 minutes\" \/>\n<script type=\"application\/ld+json\" class=\"yoast-schema-graph\">{\"@context\":\"https:\\\/\\\/schema.org\",\"@graph\":[{\"@type\":\"WebPage\",\"@id\":\"https:\\\/\\\/www.musee-balzac.fr\\\/en\\\/\",\"url\":\"https:\\\/\\\/www.musee-balzac.fr\\\/en\\\/\",\"name\":\"Mus\u00e9e Balzac - Bienvenue au ch\u00e2teau de Sach\u00e9, un lieu d'inspiration\",\"isPartOf\":{\"@id\":\"https:\\\/\\\/www.musee-balzac.fr\\\/#website\"},\"primaryImageOfPage\":{\"@id\":\"https:\\\/\\\/www.musee-balzac.fr\\\/en\\\/#primaryimage\"},\"image\":{\"@id\":\"https:\\\/\\\/www.musee-balzac.fr\\\/en\\\/#primaryimage\"},\"thumbnailUrl\":\"http:\\\/\\\/www.musee-balzac.fr\\\/wp-content\\\/uploads\\\/2021\\\/07\\\/Groupe-de-masques-34.jpg\",\"datePublished\":\"2016-03-07T14:52:36+00:00\",\"dateModified\":\"2023-02-28T11:28:24+00:00\",\"description\":\"Retouvez la vie d'Honor\u00e9 de Balzac au ch\u00e2teau de Sach\u00e9 en Touraine. Un lieu d\u2019histoire, source d\u2019inspiration pour de nombreux romans de Balzac\",\"breadcrumb\":{\"@id\":\"https:\\\/\\\/www.musee-balzac.fr\\\/en\\\/#breadcrumb\"},\"inLanguage\":\"en-US\",\"potentialAction\":[{\"@type\":\"ReadAction\",\"target\":[\"https:\\\/\\\/www.musee-balzac.fr\\\/en\\\/\"]}]},{\"@type\":\"ImageObject\",\"inLanguage\":\"en-US\",\"@id\":\"https:\\\/\\\/www.musee-balzac.fr\\\/en\\\/#primaryimage\",\"url\":\"http:\\\/\\\/www.musee-balzac.fr\\\/wp-content\\\/uploads\\\/2021\\\/07\\\/Groupe-de-masques-34.jpg\",\"contentUrl\":\"http:\\\/\\\/www.musee-balzac.fr\\\/wp-content\\\/uploads\\\/2021\\\/07\\\/Groupe-de-masques-34.jpg\"},{\"@type\":\"BreadcrumbList\",\"@id\":\"https:\\\/\\\/www.musee-balzac.fr\\\/en\\\/#breadcrumb\",\"itemListElement\":[{\"@type\":\"ListItem\",\"position\":1,\"name\":\"Accueil\",\"item\":\"https:\\\/\\\/www.musee-balzac.fr\\\/en\\\/\"},{\"@type\":\"ListItem\",\"position\":2,\"name\":\"Welcome to the Ch\u00e2teau de Sach\u00e9 &#8211; Mus\u00e9e Balzac\"}]},{\"@type\":\"WebSite\",\"@id\":\"https:\\\/\\\/www.musee-balzac.fr\\\/#website\",\"url\":\"https:\\\/\\\/www.musee-balzac.fr\\\/\",\"name\":\"Mus\u00e9e Balzac\",\"description\":\"\",\"publisher\":{\"@id\":\"https:\\\/\\\/www.musee-balzac.fr\\\/#organization\"},\"potentialAction\":[{\"@type\":\"SearchAction\",\"target\":{\"@type\":\"EntryPoint\",\"urlTemplate\":\"https:\\\/\\\/www.musee-balzac.fr\\\/?s={search_term_string}\"},\"query-input\":{\"@type\":\"PropertyValueSpecification\",\"valueRequired\":true,\"valueName\":\"search_term_string\"}}],\"inLanguage\":\"en-US\"},{\"@type\":\"Organization\",\"@id\":\"https:\\\/\\\/www.musee-balzac.fr\\\/#organization\",\"name\":\"Mus\u00e9e Balzac\",\"url\":\"https:\\\/\\\/www.musee-balzac.fr\\\/\",\"logo\":{\"@type\":\"ImageObject\",\"inLanguage\":\"en-US\",\"@id\":\"https:\\\/\\\/www.musee-balzac.fr\\\/#\\\/schema\\\/logo\\\/image\\\/\",\"url\":\"https:\\\/\\\/www.musee-balzac.fr\\\/wp-content\\\/uploads\\\/2017\\\/06\\\/Groupe-7253.jpg\",\"contentUrl\":\"https:\\\/\\\/www.musee-balzac.fr\\\/wp-content\\\/uploads\\\/2017\\\/06\\\/Groupe-7253.jpg\",\"width\":232,\"height\":190,\"caption\":\"Mus\u00e9e Balzac\"},\"image\":{\"@id\":\"https:\\\/\\\/www.musee-balzac.fr\\\/#\\\/schema\\\/logo\\\/image\\\/\"}}]}<\/script>\n<!-- \/ Yoast SEO plugin. -->","yoast_head_json":{"title":"Mus\u00e9e Balzac - Bienvenue au ch\u00e2teau de Sach\u00e9, un lieu d'inspiration","description":"Retouvez la vie d'Honor\u00e9 de Balzac au ch\u00e2teau de Sach\u00e9 en Touraine. Un lieu d\u2019histoire, source d\u2019inspiration pour de nombreux romans de Balzac","robots":{"index":"index","follow":"follow","max-snippet":"max-snippet:-1","max-image-preview":"max-image-preview:large","max-video-preview":"max-video-preview:-1"},"canonical":"https:\/\/www.musee-balzac.fr\/en\/","twitter_misc":{"Est. reading time":"2 minutes"},"schema":{"@context":"https:\/\/schema.org","@graph":[{"@type":"WebPage","@id":"https:\/\/www.musee-balzac.fr\/en\/","url":"https:\/\/www.musee-balzac.fr\/en\/","name":"Mus\u00e9e Balzac - Bienvenue au ch\u00e2teau de Sach\u00e9, un lieu d'inspiration","isPartOf":{"@id":"https:\/\/www.musee-balzac.fr\/#website"},"primaryImageOfPage":{"@id":"https:\/\/www.musee-balzac.fr\/en\/#primaryimage"},"image":{"@id":"https:\/\/www.musee-balzac.fr\/en\/#primaryimage"},"thumbnailUrl":"http:\/\/www.musee-balzac.fr\/wp-content\/uploads\/2021\/07\/Groupe-de-masques-34.jpg","datePublished":"2016-03-07T14:52:36+00:00","dateModified":"2023-02-28T11:28:24+00:00","description":"Retouvez la vie d'Honor\u00e9 de Balzac au ch\u00e2teau de Sach\u00e9 en Touraine. Un lieu d\u2019histoire, source d\u2019inspiration pour de nombreux romans de Balzac","breadcrumb":{"@id":"https:\/\/www.musee-balzac.fr\/en\/#breadcrumb"},"inLanguage":"en-US","potentialAction":[{"@type":"ReadAction","target":["https:\/\/www.musee-balzac.fr\/en\/"]}]},{"@type":"ImageObject","inLanguage":"en-US","@id":"https:\/\/www.musee-balzac.fr\/en\/#primaryimage","url":"http:\/\/www.musee-balzac.fr\/wp-content\/uploads\/2021\/07\/Groupe-de-masques-34.jpg","contentUrl":"http:\/\/www.musee-balzac.fr\/wp-content\/uploads\/2021\/07\/Groupe-de-masques-34.jpg"},{"@type":"BreadcrumbList","@id":"https:\/\/www.musee-balzac.fr\/en\/#breadcrumb","itemListElement":[{"@type":"ListItem","position":1,"name":"Accueil","item":"https:\/\/www.musee-balzac.fr\/en\/"},{"@type":"ListItem","position":2,"name":"Welcome to the Ch\u00e2teau de Sach\u00e9 &#8211; Mus\u00e9e Balzac"}]},{"@type":"WebSite","@id":"https:\/\/www.musee-balzac.fr\/#website","url":"https:\/\/www.musee-balzac.fr\/","name":"Mus\u00e9e Balzac","description":"","publisher":{"@id":"https:\/\/www.musee-balzac.fr\/#organization"},"potentialAction":[{"@type":"SearchAction","target":{"@type":"EntryPoint","urlTemplate":"https:\/\/www.musee-balzac.fr\/?s={search_term_string}"},"query-input":{"@type":"PropertyValueSpecification","valueRequired":true,"valueName":"search_term_string"}}],"inLanguage":"en-US"},{"@type":"Organization","@id":"https:\/\/www.musee-balzac.fr\/#organization","name":"Mus\u00e9e Balzac","url":"https:\/\/www.musee-balzac.fr\/","logo":{"@type":"ImageObject","inLanguage":"en-US","@id":"https:\/\/www.musee-balzac.fr\/#\/schema\/logo\/image\/","url":"https:\/\/www.musee-balzac.fr\/wp-content\/uploads\/2017\/06\/Groupe-7253.jpg","contentUrl":"https:\/\/www.musee-balzac.fr\/wp-content\/uploads\/2017\/06\/Groupe-7253.jpg","width":232,"height":190,"caption":"Mus\u00e9e Balzac"},"image":{"@id":"https:\/\/www.musee-balzac.fr\/#\/schema\/logo\/image\/"}}]}},"_links":{"self":[{"href":"https:\/\/www.musee-balzac.fr\/en\/wp-json\/wp\/v2\/pages\/17717","targetHints":{"allow":["GET"]}}],"collection":[{"href":"https:\/\/www.musee-balzac.fr\/en\/wp-json\/wp\/v2\/pages"}],"about":[{"href":"https:\/\/www.musee-balzac.fr\/en\/wp-json\/wp\/v2\/types\/page"}],"author":[{"embeddable":true,"href":"https:\/\/www.musee-balzac.fr\/en\/wp-json\/wp\/v2\/users\/4"}],"replies":[{"embeddable":true,"href":"https:\/\/www.musee-balzac.fr\/en\/wp-json\/wp\/v2\/comments?post=17717"}],"version-history":[{"count":7,"href":"https:\/\/www.musee-balzac.fr\/en\/wp-json\/wp\/v2\/pages\/17717\/revisions"}],"predecessor-version":[{"id":20194,"href":"https:\/\/www.musee-balzac.fr\/en\/wp-json\/wp\/v2\/pages\/17717\/revisions\/20194"}],"wp:attachment":[{"href":"https:\/\/www.musee-balzac.fr\/en\/wp-json\/wp\/v2\/media?parent=17717"}],"curies":[{"name":"wp","href":"https:\/\/api.w.org\/{rel}","templated":true}]}}