{"id":17740,"date":"2021-07-20T11:30:00","date_gmt":"2021-07-20T09:30:00","guid":{"rendered":"https:\/\/www.musee-balzac.fr\/decouvrir-le-musee\/"},"modified":"2022-01-17T11:14:58","modified_gmt":"2022-01-17T09:14:58","slug":"explore-the-museum","status":"publish","type":"page","link":"https:\/\/www.musee-balzac.fr\/en\/explore-the-museum\/","title":{"rendered":"Explore the Museum"},"content":{"rendered":"<div id=\"pl-17740\"  class=\"panel-layout\" ><div id=\"pg-17740-0\"  class=\"panel-grid panel-no-style\" ><div id=\"pgc-17740-0-0\"  class=\"panel-grid-cell\" ><div id=\"panel-17740-0-0-0\" class=\"so-panel widget widget_sow-editor panel-first-child panel-last-child\" data-index=\"0\" ><div\n\t\t\t\n\t\t\tclass=\"so-widget-sow-editor so-widget-sow-editor-base\"\n\t\t\t\n\t\t>\n<div class=\"siteorigin-widget-tinymce textwidget\">\n\t<h2>Mus\u00e9e de France &amp; Maison des Illustres<\/h2>\n<p>Explore 19th century-style furnished rooms and exhibition halls with permanent collections at the Balzac Museum. There are 2300 pieces in the collections: furniture, antique books, manuscripts (including three corrected proofs of <em>The Lily of the Valley<\/em>), sculptures (including several originals by Auguste Rodin), paintings, engravings, drawings and photographs.<\/p>\n<p>The 2ha grounds around the ch\u00e2teau provide an idyllic place to stroll and enjoy views of Sach\u00e9 village, the Indre Valley and the \"tranquil and solitary valley\" brought to life in\u00a0<a href=\"http:\/\/www.lysdanslavallee.fr\/en\" target=\"_blank\" rel=\"noopener\"><em>The Lily of the Valley<\/em>.<\/a><\/p>\n<p>&nbsp;<\/p>\n<\/div>\n<\/div><\/div><\/div><\/div><div id=\"pg-17740-1\"  class=\"panel-grid panel-no-style\" ><div id=\"pgc-17740-1-0\"  class=\"panel-grid-cell\" ><div id=\"panel-17740-1-0-0\" class=\"so-panel widget widget_encart-text-img-link panel-first-child panel-last-child\" data-index=\"1\" ><div class=\"animation_gauche_droite panel-widget-style panel-widget-style-for-17740-1-0-0\" ><div\n\t\t\t\n\t\t\tclass=\"so-widget-encart-text-img-link so-widget-encart-text-img-link-base\"\n\t\t\t\n\t\t><div class=\"etil-block-container\">\n    <a href=\"https:\/\/www.musee-balzac.fr\/en\/decouvrir-le-musee\/lhistoire-du-musee\/\" class=\"etil-block-link\" title=\"\">\t<img decoding=\"async\" class=\"etil-img\" src=\"https:\/\/www.musee-balzac.fr\/wp-content\/uploads\/2021\/07\/Groupe-de-masques-28-1.jpg\" alt=\"\" \/>\n        <div class=\"etil-block-text\">\n            <p style=\"text-align: center\">\u00a0<img loading=\"lazy\" decoding=\"async\" class=\"alignnone size-full wp-image-17171\" src=\"https:\/\/www.musee-balzac.fr\/wp-content\/uploads\/2021\/07\/timeline.png\" alt=\"\" width=\"83\" height=\"72\" \/><\/p>\n<p style=\"text-align: center\">The history of the Museum<\/p>\n        <\/div>\n    <\/a>        \n<\/div>\n<\/div><\/div><\/div><\/div><div id=\"pgc-17740-1-1\"  class=\"panel-grid-cell\" ><div id=\"panel-17740-1-1-0\" class=\"so-panel widget widget_encart-text-img-link panel-first-child panel-last-child\" data-index=\"2\" ><div\n\t\t\t\n\t\t\tclass=\"so-widget-encart-text-img-link so-widget-encart-text-img-link-base\"\n\t\t\t\n\t\t><div class=\"etil-block-container\">\n    <a href=\"https:\/\/www.musee-balzac.fr\/en\/explore-the-museum\/balzac-in-sache\/\" class=\"etil-block-link\" title=\"\">\t<img decoding=\"async\" class=\"etil-img\" src=\"https:\/\/www.musee-balzac.fr\/wp-content\/uploads\/2021\/07\/Groupe-de-masques-30-1.jpg\" alt=\"\" \/>\n        <div class=\"etil-block-text\">\n            <p style=\"text-align: center\">\u00a0<img loading=\"lazy\" decoding=\"async\" class=\"alignnone size-full wp-image-17169\" src=\"https:\/\/www.musee-balzac.fr\/wp-content\/uploads\/2021\/07\/Page-1.png\" alt=\"\" width=\"63\" height=\"63\" \/><\/p>\n<p style=\"text-align: center\">Balzac in Sach\u00e9<\/p>\n        <\/div>\n    <\/a>        \n<\/div>\n<\/div><\/div><\/div><div id=\"pgc-17740-1-2\"  class=\"panel-grid-cell\" ><div id=\"panel-17740-1-2-0\" class=\"so-panel widget widget_encart-text-img-link panel-first-child panel-last-child\" data-index=\"3\" ><div class=\"animation_droite_gauche panel-widget-style panel-widget-style-for-17740-1-2-0\" ><div\n\t\t\t\n\t\t\tclass=\"so-widget-encart-text-img-link so-widget-encart-text-img-link-base\"\n\t\t\t\n\t\t><div class=\"etil-block-container\">\n    <a href=\"https:\/\/www.musee-balzac.fr\/en\/explore-the-museum\/collections\/\" class=\"etil-block-link\" title=\"\">\t<img decoding=\"async\" class=\"etil-img\" src=\"https:\/\/www.musee-balzac.fr\/wp-content\/uploads\/2021\/07\/Groupe-de-masques-68.jpg\" alt=\"\" \/>\n        <div class=\"etil-block-text\">\n            <p style=\"text-align: center\">\u00a0<img loading=\"lazy\" decoding=\"async\" class=\"alignnone size-full wp-image-17167\" src=\"https:\/\/www.musee-balzac.fr\/wp-content\/uploads\/2021\/07\/Trace-6221.png\" alt=\"\" width=\"85\" height=\"60\" \/><\/p>\n<p style=\"text-align: center\">Collections<\/p>\n        <\/div>\n    <\/a>        \n<\/div>\n<\/div><\/div><\/div><\/div><\/div><div id=\"pg-17740-2\"  class=\"panel-grid panel-no-style\" ><div id=\"pgc-17740-2-0\"  class=\"panel-grid-cell\" ><div id=\"panel-17740-2-0-0\" class=\"so-panel widget widget_encart-text-img-link panel-first-child panel-last-child\" data-index=\"4\" ><div\n\t\t\t\n\t\t\tclass=\"so-widget-encart-text-img-link so-widget-encart-text-img-link-base\"\n\t\t\t\n\t\t><div class=\"etil-block-container\">\n    <a href=\"https:\/\/www.musee-balzac.fr\/en\/explore-the-museum\/museum-galleries\/\" class=\"etil-block-link\" title=\"\">\t<img decoding=\"async\" class=\"etil-img\" src=\"https:\/\/www.musee-balzac.fr\/wp-content\/uploads\/2021\/07\/Groupe-de-masques-70.jpg\" alt=\"\" \/>\n        <div class=\"etil-block-text\">\n            <p style=\"text-align: center\">\u00a0<img loading=\"lazy\" decoding=\"async\" class=\"alignnone size-full wp-image-17165\" src=\"https:\/\/www.musee-balzac.fr\/wp-content\/uploads\/2021\/07\/sign.png\" alt=\"\" width=\"73\" height=\"73\" \/><\/p>\n<p style=\"text-align: center\">Museum galleries<\/p>\n        <\/div>\n    <\/a>        \n<\/div>\n<\/div><\/div><\/div><div id=\"pgc-17740-2-1\"  class=\"panel-grid-cell panel-grid-cell-mobile-last\" ><div id=\"panel-17740-2-1-0\" class=\"so-panel widget widget_encart-text-img-link panel-first-child panel-last-child\" data-index=\"5\" ><div\n\t\t\t\n\t\t\tclass=\"so-widget-encart-text-img-link so-widget-encart-text-img-link-base\"\n\t\t\t\n\t\t><div class=\"etil-block-container\">\n    <a href=\"https:\/\/www.musee-balzac.fr\/en\/explore-the-museum\/grounds\/\" class=\"etil-block-link\" title=\"\">\t<img decoding=\"async\" class=\"etil-img\" src=\"https:\/\/www.musee-balzac.fr\/wp-content\/uploads\/2021\/07\/Groupe-de-masques-69-1.jpg\" alt=\"\" \/>\n        <div class=\"etil-block-text\">\n            <p style=\"text-align: center\"><img loading=\"lazy\" decoding=\"async\" class=\"alignnone size-full wp-image-17164\" src=\"http:\/\/www.musee-balzac.fr\/wp-content\/uploads\/2021\/07\/park.png\" alt=\"\" width=\"79\" height=\"73\" \/><\/p>\n<p style=\"text-align: center\">Grounds<\/p>\n        <\/div>\n    <\/a>        \n<\/div>\n<\/div><\/div><\/div><div id=\"pgc-17740-2-2\"  class=\"panel-grid-cell panel-grid-cell-empty\" ><\/div><\/div><\/div>","protected":false},"excerpt":{"rendered":"<p>Mus\u00e9e de France &amp; Maison des Illustres Explore 19th century-style furnished rooms and exhibition halls with permanent collections at the Balzac Museum. There are 2300 pieces in the collections: [&hellip;]<\/p>\n","protected":false},"author":10,"featured_media":0,"parent":0,"menu_order":101,"comment_status":"closed","ping_status":"closed","template":"","meta":{"inline_featured_image":false,"footnotes":""},"class_list":["post-17740","page","type-page","status-publish","hentry"],"yoast_head":"<!-- This site is optimized with the Yoast SEO plugin v27.5 - https:\/\/yoast.com\/product\/yoast-seo-wordpress\/ -->\n<title>Mus\u00e9e Balzac - D\u00e9couvrir le mus\u00e9e, ses collections et son parc<\/title>\n<meta name=\"description\" content=\"D\u00e9couvrez l&#039;histoire du mus\u00e9e Balzac, ses espaces, son parc, ses collections et les rapports qu&#039;Honor\u00e9 de Balzac entretenait avec ce lieu.\" \/>\n<meta name=\"robots\" content=\"index, follow, max-snippet:-1, max-image-preview:large, max-video-preview:-1\" \/>\n<link rel=\"canonical\" href=\"https:\/\/www.musee-balzac.fr\/en\/explore-the-museum\/\" \/>\n<meta name=\"twitter:label1\" content=\"Est. reading time\" \/>\n\t<meta name=\"twitter:data1\" content=\"1 minute\" \/>\n<script type=\"application\/ld+json\" class=\"yoast-schema-graph\">{\"@context\":\"https:\\\/\\\/schema.org\",\"@graph\":[{\"@type\":\"WebPage\",\"@id\":\"https:\\\/\\\/www.musee-balzac.fr\\\/en\\\/explore-the-museum\\\/\",\"url\":\"https:\\\/\\\/www.musee-balzac.fr\\\/en\\\/explore-the-museum\\\/\",\"name\":\"Mus\u00e9e Balzac - D\u00e9couvrir le mus\u00e9e, ses collections et son parc\",\"isPartOf\":{\"@id\":\"https:\\\/\\\/www.musee-balzac.fr\\\/#website\"},\"datePublished\":\"2021-07-20T09:30:00+00:00\",\"dateModified\":\"2022-01-17T09:14:58+00:00\",\"description\":\"D\u00e9couvrez l'histoire du mus\u00e9e Balzac, ses espaces, son parc, ses collections et les rapports qu'Honor\u00e9 de Balzac entretenait avec ce lieu.\",\"breadcrumb\":{\"@id\":\"https:\\\/\\\/www.musee-balzac.fr\\\/en\\\/explore-the-museum\\\/#breadcrumb\"},\"inLanguage\":\"en-US\",\"potentialAction\":[{\"@type\":\"ReadAction\",\"target\":[\"https:\\\/\\\/www.musee-balzac.fr\\\/en\\\/explore-the-museum\\\/\"]}]},{\"@type\":\"BreadcrumbList\",\"@id\":\"https:\\\/\\\/www.musee-balzac.fr\\\/en\\\/explore-the-museum\\\/#breadcrumb\",\"itemListElement\":[{\"@type\":\"ListItem\",\"position\":1,\"name\":\"Accueil\",\"item\":\"https:\\\/\\\/www.musee-balzac.fr\\\/en\\\/\"},{\"@type\":\"ListItem\",\"position\":2,\"name\":\"Explore the Museum\"}]},{\"@type\":\"WebSite\",\"@id\":\"https:\\\/\\\/www.musee-balzac.fr\\\/#website\",\"url\":\"https:\\\/\\\/www.musee-balzac.fr\\\/\",\"name\":\"Mus\u00e9e Balzac\",\"description\":\"\",\"publisher\":{\"@id\":\"https:\\\/\\\/www.musee-balzac.fr\\\/#organization\"},\"potentialAction\":[{\"@type\":\"SearchAction\",\"target\":{\"@type\":\"EntryPoint\",\"urlTemplate\":\"https:\\\/\\\/www.musee-balzac.fr\\\/?s={search_term_string}\"},\"query-input\":{\"@type\":\"PropertyValueSpecification\",\"valueRequired\":true,\"valueName\":\"search_term_string\"}}],\"inLanguage\":\"en-US\"},{\"@type\":\"Organization\",\"@id\":\"https:\\\/\\\/www.musee-balzac.fr\\\/#organization\",\"name\":\"Mus\u00e9e Balzac\",\"url\":\"https:\\\/\\\/www.musee-balzac.fr\\\/\",\"logo\":{\"@type\":\"ImageObject\",\"inLanguage\":\"en-US\",\"@id\":\"https:\\\/\\\/www.musee-balzac.fr\\\/#\\\/schema\\\/logo\\\/image\\\/\",\"url\":\"https:\\\/\\\/www.musee-balzac.fr\\\/wp-content\\\/uploads\\\/2017\\\/06\\\/Groupe-7253.jpg\",\"contentUrl\":\"https:\\\/\\\/www.musee-balzac.fr\\\/wp-content\\\/uploads\\\/2017\\\/06\\\/Groupe-7253.jpg\",\"width\":232,\"height\":190,\"caption\":\"Mus\u00e9e Balzac\"},\"image\":{\"@id\":\"https:\\\/\\\/www.musee-balzac.fr\\\/#\\\/schema\\\/logo\\\/image\\\/\"}}]}<\/script>\n<!-- \/ Yoast SEO plugin. -->","yoast_head_json":{"title":"Mus\u00e9e Balzac - D\u00e9couvrir le mus\u00e9e, ses collections et son parc","description":"D\u00e9couvrez l'histoire du mus\u00e9e Balzac, ses espaces, son parc, ses collections et les rapports qu'Honor\u00e9 de Balzac entretenait avec ce lieu.","robots":{"index":"index","follow":"follow","max-snippet":"max-snippet:-1","max-image-preview":"max-image-preview:large","max-video-preview":"max-video-preview:-1"},"canonical":"https:\/\/www.musee-balzac.fr\/en\/explore-the-museum\/","twitter_misc":{"Est. reading time":"1 minute"},"schema":{"@context":"https:\/\/schema.org","@graph":[{"@type":"WebPage","@id":"https:\/\/www.musee-balzac.fr\/en\/explore-the-museum\/","url":"https:\/\/www.musee-balzac.fr\/en\/explore-the-museum\/","name":"Mus\u00e9e Balzac - D\u00e9couvrir le mus\u00e9e, ses collections et son parc","isPartOf":{"@id":"https:\/\/www.musee-balzac.fr\/#website"},"datePublished":"2021-07-20T09:30:00+00:00","dateModified":"2022-01-17T09:14:58+00:00","description":"D\u00e9couvrez l'histoire du mus\u00e9e Balzac, ses espaces, son parc, ses collections et les rapports qu'Honor\u00e9 de Balzac entretenait avec ce lieu.","breadcrumb":{"@id":"https:\/\/www.musee-balzac.fr\/en\/explore-the-museum\/#breadcrumb"},"inLanguage":"en-US","potentialAction":[{"@type":"ReadAction","target":["https:\/\/www.musee-balzac.fr\/en\/explore-the-museum\/"]}]},{"@type":"BreadcrumbList","@id":"https:\/\/www.musee-balzac.fr\/en\/explore-the-museum\/#breadcrumb","itemListElement":[{"@type":"ListItem","position":1,"name":"Accueil","item":"https:\/\/www.musee-balzac.fr\/en\/"},{"@type":"ListItem","position":2,"name":"Explore the Museum"}]},{"@type":"WebSite","@id":"https:\/\/www.musee-balzac.fr\/#website","url":"https:\/\/www.musee-balzac.fr\/","name":"Mus\u00e9e Balzac","description":"","publisher":{"@id":"https:\/\/www.musee-balzac.fr\/#organization"},"potentialAction":[{"@type":"SearchAction","target":{"@type":"EntryPoint","urlTemplate":"https:\/\/www.musee-balzac.fr\/?s={search_term_string}"},"query-input":{"@type":"PropertyValueSpecification","valueRequired":true,"valueName":"search_term_string"}}],"inLanguage":"en-US"},{"@type":"Organization","@id":"https:\/\/www.musee-balzac.fr\/#organization","name":"Mus\u00e9e Balzac","url":"https:\/\/www.musee-balzac.fr\/","logo":{"@type":"ImageObject","inLanguage":"en-US","@id":"https:\/\/www.musee-balzac.fr\/#\/schema\/logo\/image\/","url":"https:\/\/www.musee-balzac.fr\/wp-content\/uploads\/2017\/06\/Groupe-7253.jpg","contentUrl":"https:\/\/www.musee-balzac.fr\/wp-content\/uploads\/2017\/06\/Groupe-7253.jpg","width":232,"height":190,"caption":"Mus\u00e9e Balzac"},"image":{"@id":"https:\/\/www.musee-balzac.fr\/#\/schema\/logo\/image\/"}}]}},"_links":{"self":[{"href":"https:\/\/www.musee-balzac.fr\/en\/wp-json\/wp\/v2\/pages\/17740","targetHints":{"allow":["GET"]}}],"collection":[{"href":"https:\/\/www.musee-balzac.fr\/en\/wp-json\/wp\/v2\/pages"}],"about":[{"href":"https:\/\/www.musee-balzac.fr\/en\/wp-json\/wp\/v2\/types\/page"}],"author":[{"embeddable":true,"href":"https:\/\/www.musee-balzac.fr\/en\/wp-json\/wp\/v2\/users\/10"}],"replies":[{"embeddable":true,"href":"https:\/\/www.musee-balzac.fr\/en\/wp-json\/wp\/v2\/comments?post=17740"}],"version-history":[{"count":6,"href":"https:\/\/www.musee-balzac.fr\/en\/wp-json\/wp\/v2\/pages\/17740\/revisions"}],"predecessor-version":[{"id":19781,"href":"https:\/\/www.musee-balzac.fr\/en\/wp-json\/wp\/v2\/pages\/17740\/revisions\/19781"}],"wp:attachment":[{"href":"https:\/\/www.musee-balzac.fr\/en\/wp-json\/wp\/v2\/media?parent=17740"}],"curies":[{"name":"wp","href":"https:\/\/api.w.org\/{rel}","templated":true}]}}