{"id":18805,"date":"2021-10-25T14:59:29","date_gmt":"2021-10-25T12:59:29","guid":{"rendered":"https:\/\/www.musee-balzac.fr\/votre-sejour\/"},"modified":"2023-12-18T12:15:04","modified_gmt":"2023-12-18T11:15:04","slug":"your-stay","status":"publish","type":"page","link":"https:\/\/www.musee-balzac.fr\/en\/visit\/your-stay\/","title":{"rendered":"Your stay"},"content":{"rendered":"<div id=\"pl-18805\"  class=\"panel-layout\" ><div id=\"pg-18805-0\"  class=\"panel-grid panel-no-style\" ><div id=\"pgc-18805-0-0\"  class=\"panel-grid-cell\" ><div id=\"panel-18805-0-0-0\" class=\"so-panel widget widget_sow-editor panel-first-child panel-last-child\" data-index=\"0\" ><div\n\t\t\t\n\t\t\tclass=\"so-widget-sow-editor so-widget-sow-editor-base\"\n\t\t\t\n\t\t>\n<div class=\"siteorigin-widget-tinymce textwidget\">\n\t<h1 class=\"h1-like\" style=\"text-align: center;\">Your stay<\/h1>\n<p style=\"text-align: center;\">The Balzac Museum \u2013 Ch\u00e2teau de Sach\u00e9 is in the heart of <strong>Touraine<\/strong>, a prime destination to explore: <a href=\"https:\/\/www.touraineloirevalley.co.uk\/\" target=\"_blank\" rel=\"noopener\">www.touraineloirevalley.com<\/a>.<\/p>\n<p style=\"text-align: center;\"><strong>Azay Chinon Val de Loire Tourist Information<\/strong> has put together a wide range of quality accommodation to suit any budget and must-visits to help you plan your stay: <a href=\"https:\/\/www.azay-chinon-valdeloire.com\/en\/\" target=\"_blank\" rel=\"noopener\">http:\/\/www.azay-chinon-valdeloire.com<\/a>.<\/p>\n<\/div>\n<\/div><\/div><\/div><\/div><div id=\"pg-18805-1\"  class=\"panel-grid panel-no-style\" ><div id=\"pgc-18805-1-0\"  class=\"panel-grid-cell\" ><div id=\"panel-18805-1-0-0\" class=\"so-panel widget widget_sow-editor panel-first-child panel-last-child\" data-index=\"1\" ><div class=\"image_gauche animation_gauche_droite panel-widget-style panel-widget-style-for-18805-1-0-0\" ><div\n\t\t\t\n\t\t\tclass=\"so-widget-sow-editor so-widget-sow-editor-base\"\n\t\t\t\n\t\t>\n<div class=\"siteorigin-widget-tinymce textwidget\">\n\t<p><img loading=\"lazy\" decoding=\"async\" class=\"alignnone wp-image-18631\" src=\"http:\/\/www.musee-balzac.fr\/wp-content\/uploads\/2021\/11\/DSC02122-300x199.jpg\" alt=\"\" width=\"527\" height=\"349\" srcset=\"https:\/\/www.musee-balzac.fr\/wp-content\/uploads\/2021\/11\/DSC02122-300x199.jpg 300w, https:\/\/www.musee-balzac.fr\/wp-content\/uploads\/2021\/11\/DSC02122-1024x680.jpg 1024w, https:\/\/www.musee-balzac.fr\/wp-content\/uploads\/2021\/11\/DSC02122.jpg 1505w\" sizes=\"auto, (max-width: 527px) 100vw, 527px\" \/><br \/>\n<em>The Indre river in Sach\u00e9<\/em><\/p>\n<\/div>\n<\/div><\/div><\/div><\/div><div id=\"pgc-18805-1-1\"  class=\"panel-grid-cell\" ><div id=\"panel-18805-1-1-0\" class=\"so-panel widget widget_sow-editor panel-first-child panel-last-child\" data-index=\"2\" ><div class=\"animation_droite_gauche panel-widget-style panel-widget-style-for-18805-1-1-0\" ><div\n\t\t\t\n\t\t\tclass=\"so-widget-sow-editor so-widget-sow-editor-base\"\n\t\t\t\n\t\t>\n<div class=\"siteorigin-widget-tinymce textwidget\">\n\t<h2>In the aera<\/h2>\n<p>&nbsp;<\/p>\n<p>Not only is the Indre Valley home to the Balzac Museum and Sach\u00e9 village but it's also full of surprises:<\/p>\n<ul>\n<li><a href=\"https:\/\/domainecande.fr\/\" target=\"_blank\" rel=\"noopener\">Domaine de Cand\u00e9<\/a>, in Monts<\/li>\n<li><a href=\"https:\/\/www.azay-le-rideau.fr\/en\" target=\"_blank\" rel=\"noopener\">Ch\u00e2teau d'Azay-Le-Rideau<\/a> which Balzac described as a \"facet-cut diamond set in the Indre\"<\/li>\n<li><a href=\"https:\/\/www.chateaudelislette.fr\/en\/\" target=\"_blank\" rel=\"noopener\">Ch\u00e2teau de l\u2019Islette<\/a> which set the stage for Camille Claudel and Rodin's relationship<\/li>\n<li><a href=\"https:\/\/www.manoirdevonnes.com\/\" target=\"_blank\" rel=\"noopener\">Manoir de Vonnes<\/a>, residence whose architecture inspired that of the castle of Clochegourde in <em>The Lily of the valley<\/em><\/li>\n<li>The village of Pont de Ruan and its water mills described by Balzac in The Lily of the Valley<\/li>\n<li>The troglodyte village of Villaines-les-Rochers, the wickerwork capital<\/li>\n<\/ul>\n<p><a href=\"https:\/\/www.azay-chinon-valdeloire.com\/en\/\" target=\"_blank\" rel=\"noopener\">EXPLORE THE INDRE VALLEY | AZAY CHINON - LOIRE VALLEY (AZAY-CHINON-VALDELOIRE.COM)<\/a><\/p>\n<\/div>\n<\/div><\/div><\/div><\/div><\/div><div id=\"pg-18805-2\"  class=\"panel-grid panel-no-style\" ><div id=\"pgc-18805-2-0\"  class=\"panel-grid-cell\" ><div id=\"panel-18805-2-0-0\" class=\"so-panel widget widget_sow-editor panel-first-child panel-last-child\" data-index=\"3\" ><div class=\"image_gauche animation_gauche_droite panel-widget-style panel-widget-style-for-18805-2-0-0\" ><div\n\t\t\t\n\t\t\tclass=\"so-widget-sow-editor so-widget-sow-editor-base\"\n\t\t\t\n\t\t>\n<div class=\"siteorigin-widget-tinymce textwidget\">\n\t<p><img loading=\"lazy\" decoding=\"async\" class=\"alignnone size-medium wp-image-17794\" src=\"http:\/\/www.musee-balzac.fr\/wp-content\/uploads\/2021\/10\/1_ACCUEIL_Portrait_balzac_boulanger_photo_dominique_couineau-245x300.jpg\" alt=\"\" width=\"245\" height=\"300\" \/><\/p>\n<p>Louis Candide Boulanger, <em>Honor\u00e9 de Balzac<\/em>, oil on canvas, 1836, Mus\u00e9e des Beaux-Arts de Tours, \u00a9 photo Dominique Couineau.<\/p>\n<\/div>\n<\/div><\/div><\/div><\/div><div id=\"pgc-18805-2-1\"  class=\"panel-grid-cell\" ><div id=\"panel-18805-2-1-0\" class=\"so-panel widget widget_sow-editor panel-first-child panel-last-child\" data-index=\"4\" ><div class=\"animation_droite_gauche panel-widget-style panel-widget-style-for-18805-2-1-0\" ><div\n\t\t\t\n\t\t\tclass=\"so-widget-sow-editor so-widget-sow-editor-base\"\n\t\t\t\n\t\t>\n<div class=\"siteorigin-widget-tinymce textwidget\">\n\t<h2><\/h2>\n<h2>Balzac in Tours<\/h2>\n<ul>\n<li>Tours, City of Art and History: discover the Balzac itinerary : <a href=\"https:\/\/www.tours-tourisme.fr\/en\/preparez-votre-sejour\/visites-guidees\/sur-les-pas-de-balzac\/\" target=\"_blank\" rel=\"noopener\">In the steps of Balzac<\/a>.<\/li>\n<li><a href=\"https:\/\/mba.tours.fr\/\" target=\"_blank\" rel=\"noopener\">Tours, Mus\u00e9e des Beaux-arts<\/a> : portraits of Balzac par Louis Boulanger (oil on canvas, 1836), , Achille Dev\u00e9ria (attr., wash drawing, circa 1829) and G\u00e9rard Seguin (pastel, 1841).<\/li>\n<li>Tours, Jardin de la pr\u00e9fecture : contemporary piece as part of Nicolas Milh\u00e9, <em>La Com\u00e9die humaine,<\/em> five bronze figures, 2019 (father Goriot, Henriette de Mortsauf, Rastignac, abbey Birotteau et Miss Gamard).<\/li>\n<\/ul>\n<\/div>\n<\/div><\/div><\/div><\/div><\/div><div id=\"pg-18805-3\"  class=\"panel-grid panel-has-style\" ><div class=\"texte_blanc siteorigin-panels-stretch panel-row-style panel-row-style-for-18805-3\" data-stretch-type=\"full\" ><div id=\"pgc-18805-3-0\"  class=\"panel-grid-cell\" ><div id=\"panel-18805-3-0-0\" class=\"so-panel widget widget_sow-editor panel-first-child panel-last-child\" data-index=\"5\" ><div class=\"tarif panel-widget-style panel-widget-style-for-18805-3-0-0\" ><div\n\t\t\t\n\t\t\tclass=\"so-widget-sow-editor so-widget-sow-editor-base\"\n\t\t\t\n\t\t>\n<div class=\"siteorigin-widget-tinymce textwidget\">\n\t<p><strong>Indre-et-Loire Council also owns 7 other visitor attractions<\/strong> that capture Touraine's glory days and showcase the greatest authors to make their mark on French literature.<\/p>\n<h3>TWO OTHER AUTHOR'S HOUSES<\/h3>\n<ul>\n<li><a href=\"https:\/\/www.prieure-ronsard.fr\/en\" target=\"_blank\" rel=\"noopener\">Prieur\u00e9 Saint-Cosme \u2013 Ronsard's house<\/a> in La Riche, 22km<\/li>\n<li><a href=\"https:\/\/www.rabelais-museum.co.uk\/the-museum\/\" target=\"_blank\" rel=\"noopener\">Rabelais Museum \u2013 La Devini\u00e8re<\/a>, 33km<\/li>\n<\/ul>\n<h3 class=\"h3-like\">TWO MEDIEVAL FORTRESSES\u00a0 :<\/h3>\n<ul>\n<li><a href=\"https:\/\/forteressechinon.fr\/en\" target=\"_blank\" rel=\"noopener\">La Forteresse royale de Chinon<\/a>, 26 km<\/li>\n<li><a href=\"https:\/\/www.citeroyaleloches.fr\/en\" target=\"_blank\" rel=\"noopener\">La Cit\u00e9 royale de Loches<\/a>, \u00e0 45 km<\/li>\n<\/ul>\n<p>&nbsp;<\/p>\n<div class=\"h3-like\">PLUS,<\/div>\n<ul>\n<li><a href=\"https:\/\/domainecande.fr\/en\" target=\"_blank\" rel=\"noopener\">Domaine de Cand\u00e9<\/a>, in Monts, 15km<\/li>\n<li><a href=\"https:\/\/www.hotelgouin.fr\/\" target=\"_blank\" rel=\"noopener\">H\u00f4tel Go\u00fcin<\/a>, in Tours, 26km<\/li>\n<li><a href=\"https:\/\/www.prehistory-museum-grandpressigny.co.uk\/\" target=\"_blank\" rel=\"noopener\">Le Grand-Pressigny Prehistory Museum<\/a>, 53km<\/li>\n<\/ul>\n<\/div>\n<\/div><\/div><\/div><\/div><div id=\"pgc-18805-3-1\"  class=\"panel-grid-cell\" ><div id=\"panel-18805-3-1-0\" class=\"so-panel widget widget_sow-editor panel-first-child panel-last-child\" data-index=\"6\" ><div class=\"animation_droite_gauche panel-widget-style panel-widget-style-for-18805-3-1-0\" ><div\n\t\t\t\n\t\t\tclass=\"so-widget-sow-editor so-widget-sow-editor-base\"\n\t\t\t\n\t\t>\n<div class=\"siteorigin-widget-tinymce textwidget\">\n\t<p><a href=\"https:\/\/www.musee-balzac.fr\/wp-content\/uploads\/2021\/09\/5_visite_individuelle_visite_guidee-scaled.jpg\"><img loading=\"lazy\" decoding=\"async\" class=\"alignnone wp-image-18636\" src=\"http:\/\/www.musee-balzac.fr\/wp-content\/uploads\/2021\/11\/musee_rabelais-e1636042404507-300x190.jpg\" alt=\"\" width=\"834\" height=\"528\" srcset=\"https:\/\/www.musee-balzac.fr\/wp-content\/uploads\/2021\/11\/musee_rabelais-e1636042404507-300x190.jpg 300w, https:\/\/www.musee-balzac.fr\/wp-content\/uploads\/2021\/11\/musee_rabelais-e1636042404507-1024x649.jpg 1024w, https:\/\/www.musee-balzac.fr\/wp-content\/uploads\/2021\/11\/musee_rabelais-e1636042404507.jpg 1146w\" sizes=\"auto, (max-width: 834px) 100vw, 834px\" \/><\/a><\/p>\n<p><em>Mus\u00e9e Rabelais - La Devini\u00e8re in Seuilly<\/em>, \u00a9 photo C. Raimbault, CD37.<\/p>\n<p>&nbsp;<\/p>\n<\/div>\n<\/div><\/div><\/div><\/div><\/div><\/div><div id=\"pg-18805-4\"  class=\"panel-grid panel-no-style\" ><div id=\"pgc-18805-4-0\"  class=\"panel-grid-cell\" ><div id=\"panel-18805-4-0-0\" class=\"so-panel widget widget_sow-editor panel-first-child panel-last-child\" data-index=\"7\" ><div class=\"image_gauche animation_gauche_droite panel-widget-style panel-widget-style-for-18805-4-0-0\" ><div\n\t\t\t\n\t\t\tclass=\"so-widget-sow-editor so-widget-sow-editor-base\"\n\t\t\t\n\t\t>\n<div class=\"siteorigin-widget-tinymce textwidget\">\n\t<p><img loading=\"lazy\" decoding=\"async\" class=\"alignnone  wp-image-18649\" src=\"http:\/\/www.musee-balzac.fr\/wp-content\/uploads\/2021\/11\/DSC02293-300x199.jpg\" alt=\"\" width=\"785\" height=\"521\" srcset=\"https:\/\/www.musee-balzac.fr\/wp-content\/uploads\/2021\/11\/DSC02293-300x199.jpg 300w, https:\/\/www.musee-balzac.fr\/wp-content\/uploads\/2021\/11\/DSC02293-1024x680.jpg 1024w, https:\/\/www.musee-balzac.fr\/wp-content\/uploads\/2021\/11\/DSC02293-272x182.jpg 272w, https:\/\/www.musee-balzac.fr\/wp-content\/uploads\/2021\/11\/DSC02293.jpg 1505w\" sizes=\"auto, (max-width: 785px) 100vw, 785px\" \/><\/p>\n<\/div>\n<\/div><\/div><\/div><\/div><div id=\"pgc-18805-4-1\"  class=\"panel-grid-cell\" ><div id=\"panel-18805-4-1-0\" class=\"so-panel widget widget_sow-editor panel-first-child panel-last-child\" data-index=\"8\" ><div class=\"tarif panel-widget-style panel-widget-style-for-18805-4-1-0\" ><div\n\t\t\t\n\t\t\tclass=\"so-widget-sow-editor so-widget-sow-editor-base\"\n\t\t\t\n\t\t>\n<div class=\"siteorigin-widget-tinymce textwidget\">\n\t<h2>By bike<\/h2>\n<p><strong>Explore in and around the Indre Valley on its countless bike paths:<\/strong><\/p>\n<p>&nbsp;<\/p>\n<p>Indre by Bike :<\/p>\n<div class=\"btn_noir\"><a href=\"https:\/\/www.touraineloirevalley.co.uk\/plan-your-holidays\/touring-around\/biking\/indre-a-velo-route\/\" target=\"_blank\" rel=\"noopener\">INDRE BY BIKE - CYCLING HOLIDAY BETWEEN TOURAINE AND BERRY! (TOURAINELOIREVALLEY.COM)<\/a><\/div>\n<p>&nbsp;<\/p>\n<p>\"In Balzac's footsteps\" cycling loop :<\/p>\n<div class=\"btn_noir\"><a href=\"https:\/\/www.touraineloirevalley.co.uk\/itineraries\/in-balzacs-footsteps-sache\/\" target=\"_blank\" rel=\"noopener\">IN BALZAC'S FOOTSTEPS - ROUTE N\u00b017 IN SACHE - VISITOR TRAILS (TOURAINELOIREVALLEY.COM)<\/a><\/div>\n<\/div>\n<\/div><\/div><\/div><\/div><\/div><\/div>","protected":false},"excerpt":{"rendered":"<p>Your stay The Balzac Museum \u2013 Ch\u00e2teau de Sach\u00e9 is in the heart of Touraine, a prime destination to explore: www.touraineloirevalley.com. Azay Chinon Val de Loire Tourist Information has [&hellip;]<\/p>\n","protected":false},"author":10,"featured_media":0,"parent":18834,"menu_order":25,"comment_status":"closed","ping_status":"closed","template":"","meta":{"inline_featured_image":false,"footnotes":""},"class_list":["post-18805","page","type-page","status-publish","hentry"],"yoast_head":"<!-- This site is optimized with the Yoast SEO plugin v27.4 - https:\/\/yoast.com\/product\/yoast-seo-wordpress\/ -->\n<title>Your stay - Mus\u00e9e Balzac<\/title>\n<meta name=\"robots\" content=\"index, follow, max-snippet:-1, max-image-preview:large, max-video-preview:-1\" \/>\n<link rel=\"canonical\" href=\"https:\/\/www.musee-balzac.fr\/en\/visit\/your-stay\/\" \/>\n<meta name=\"twitter:label1\" content=\"Est. reading time\" \/>\n\t<meta name=\"twitter:data1\" content=\"3 minutes\" \/>\n<script type=\"application\/ld+json\" class=\"yoast-schema-graph\">{\"@context\":\"https:\\\/\\\/schema.org\",\"@graph\":[{\"@type\":\"WebPage\",\"@id\":\"https:\\\/\\\/www.musee-balzac.fr\\\/en\\\/visit\\\/your-stay\\\/\",\"url\":\"https:\\\/\\\/www.musee-balzac.fr\\\/en\\\/visit\\\/your-stay\\\/\",\"name\":\"Your stay - Mus\u00e9e Balzac\",\"isPartOf\":{\"@id\":\"https:\\\/\\\/www.musee-balzac.fr\\\/#website\"},\"primaryImageOfPage\":{\"@id\":\"https:\\\/\\\/www.musee-balzac.fr\\\/en\\\/visit\\\/your-stay\\\/#primaryimage\"},\"image\":{\"@id\":\"https:\\\/\\\/www.musee-balzac.fr\\\/en\\\/visit\\\/your-stay\\\/#primaryimage\"},\"thumbnailUrl\":\"http:\\\/\\\/www.musee-balzac.fr\\\/wp-content\\\/uploads\\\/2021\\\/11\\\/DSC02122-300x199.jpg\",\"datePublished\":\"2021-10-25T12:59:29+00:00\",\"dateModified\":\"2023-12-18T11:15:04+00:00\",\"breadcrumb\":{\"@id\":\"https:\\\/\\\/www.musee-balzac.fr\\\/en\\\/visit\\\/your-stay\\\/#breadcrumb\"},\"inLanguage\":\"en-US\",\"potentialAction\":[{\"@type\":\"ReadAction\",\"target\":[\"https:\\\/\\\/www.musee-balzac.fr\\\/en\\\/visit\\\/your-stay\\\/\"]}]},{\"@type\":\"ImageObject\",\"inLanguage\":\"en-US\",\"@id\":\"https:\\\/\\\/www.musee-balzac.fr\\\/en\\\/visit\\\/your-stay\\\/#primaryimage\",\"url\":\"http:\\\/\\\/www.musee-balzac.fr\\\/wp-content\\\/uploads\\\/2021\\\/11\\\/DSC02122-300x199.jpg\",\"contentUrl\":\"http:\\\/\\\/www.musee-balzac.fr\\\/wp-content\\\/uploads\\\/2021\\\/11\\\/DSC02122-300x199.jpg\"},{\"@type\":\"BreadcrumbList\",\"@id\":\"https:\\\/\\\/www.musee-balzac.fr\\\/en\\\/visit\\\/your-stay\\\/#breadcrumb\",\"itemListElement\":[{\"@type\":\"ListItem\",\"position\":1,\"name\":\"Accueil\",\"item\":\"https:\\\/\\\/www.musee-balzac.fr\\\/en\\\/\"},{\"@type\":\"ListItem\",\"position\":2,\"name\":\"Balzac Museum Visit\",\"item\":\"https:\\\/\\\/www.musee-balzac.fr\\\/en\\\/visit\\\/\"},{\"@type\":\"ListItem\",\"position\":3,\"name\":\"Your stay\"}]},{\"@type\":\"WebSite\",\"@id\":\"https:\\\/\\\/www.musee-balzac.fr\\\/#website\",\"url\":\"https:\\\/\\\/www.musee-balzac.fr\\\/\",\"name\":\"Mus\u00e9e Balzac\",\"description\":\"\",\"publisher\":{\"@id\":\"https:\\\/\\\/www.musee-balzac.fr\\\/#organization\"},\"potentialAction\":[{\"@type\":\"SearchAction\",\"target\":{\"@type\":\"EntryPoint\",\"urlTemplate\":\"https:\\\/\\\/www.musee-balzac.fr\\\/?s={search_term_string}\"},\"query-input\":{\"@type\":\"PropertyValueSpecification\",\"valueRequired\":true,\"valueName\":\"search_term_string\"}}],\"inLanguage\":\"en-US\"},{\"@type\":\"Organization\",\"@id\":\"https:\\\/\\\/www.musee-balzac.fr\\\/#organization\",\"name\":\"Mus\u00e9e Balzac\",\"url\":\"https:\\\/\\\/www.musee-balzac.fr\\\/\",\"logo\":{\"@type\":\"ImageObject\",\"inLanguage\":\"en-US\",\"@id\":\"https:\\\/\\\/www.musee-balzac.fr\\\/#\\\/schema\\\/logo\\\/image\\\/\",\"url\":\"https:\\\/\\\/www.musee-balzac.fr\\\/wp-content\\\/uploads\\\/2017\\\/06\\\/Groupe-7253.jpg\",\"contentUrl\":\"https:\\\/\\\/www.musee-balzac.fr\\\/wp-content\\\/uploads\\\/2017\\\/06\\\/Groupe-7253.jpg\",\"width\":232,\"height\":190,\"caption\":\"Mus\u00e9e Balzac\"},\"image\":{\"@id\":\"https:\\\/\\\/www.musee-balzac.fr\\\/#\\\/schema\\\/logo\\\/image\\\/\"}}]}<\/script>\n<!-- \/ Yoast SEO plugin. -->","yoast_head_json":{"title":"Your stay - Mus\u00e9e Balzac","robots":{"index":"index","follow":"follow","max-snippet":"max-snippet:-1","max-image-preview":"max-image-preview:large","max-video-preview":"max-video-preview:-1"},"canonical":"https:\/\/www.musee-balzac.fr\/en\/visit\/your-stay\/","twitter_misc":{"Est. reading time":"3 minutes"},"schema":{"@context":"https:\/\/schema.org","@graph":[{"@type":"WebPage","@id":"https:\/\/www.musee-balzac.fr\/en\/visit\/your-stay\/","url":"https:\/\/www.musee-balzac.fr\/en\/visit\/your-stay\/","name":"Your stay - Mus\u00e9e Balzac","isPartOf":{"@id":"https:\/\/www.musee-balzac.fr\/#website"},"primaryImageOfPage":{"@id":"https:\/\/www.musee-balzac.fr\/en\/visit\/your-stay\/#primaryimage"},"image":{"@id":"https:\/\/www.musee-balzac.fr\/en\/visit\/your-stay\/#primaryimage"},"thumbnailUrl":"http:\/\/www.musee-balzac.fr\/wp-content\/uploads\/2021\/11\/DSC02122-300x199.jpg","datePublished":"2021-10-25T12:59:29+00:00","dateModified":"2023-12-18T11:15:04+00:00","breadcrumb":{"@id":"https:\/\/www.musee-balzac.fr\/en\/visit\/your-stay\/#breadcrumb"},"inLanguage":"en-US","potentialAction":[{"@type":"ReadAction","target":["https:\/\/www.musee-balzac.fr\/en\/visit\/your-stay\/"]}]},{"@type":"ImageObject","inLanguage":"en-US","@id":"https:\/\/www.musee-balzac.fr\/en\/visit\/your-stay\/#primaryimage","url":"http:\/\/www.musee-balzac.fr\/wp-content\/uploads\/2021\/11\/DSC02122-300x199.jpg","contentUrl":"http:\/\/www.musee-balzac.fr\/wp-content\/uploads\/2021\/11\/DSC02122-300x199.jpg"},{"@type":"BreadcrumbList","@id":"https:\/\/www.musee-balzac.fr\/en\/visit\/your-stay\/#breadcrumb","itemListElement":[{"@type":"ListItem","position":1,"name":"Accueil","item":"https:\/\/www.musee-balzac.fr\/en\/"},{"@type":"ListItem","position":2,"name":"Balzac Museum Visit","item":"https:\/\/www.musee-balzac.fr\/en\/visit\/"},{"@type":"ListItem","position":3,"name":"Your stay"}]},{"@type":"WebSite","@id":"https:\/\/www.musee-balzac.fr\/#website","url":"https:\/\/www.musee-balzac.fr\/","name":"Mus\u00e9e Balzac","description":"","publisher":{"@id":"https:\/\/www.musee-balzac.fr\/#organization"},"potentialAction":[{"@type":"SearchAction","target":{"@type":"EntryPoint","urlTemplate":"https:\/\/www.musee-balzac.fr\/?s={search_term_string}"},"query-input":{"@type":"PropertyValueSpecification","valueRequired":true,"valueName":"search_term_string"}}],"inLanguage":"en-US"},{"@type":"Organization","@id":"https:\/\/www.musee-balzac.fr\/#organization","name":"Mus\u00e9e Balzac","url":"https:\/\/www.musee-balzac.fr\/","logo":{"@type":"ImageObject","inLanguage":"en-US","@id":"https:\/\/www.musee-balzac.fr\/#\/schema\/logo\/image\/","url":"https:\/\/www.musee-balzac.fr\/wp-content\/uploads\/2017\/06\/Groupe-7253.jpg","contentUrl":"https:\/\/www.musee-balzac.fr\/wp-content\/uploads\/2017\/06\/Groupe-7253.jpg","width":232,"height":190,"caption":"Mus\u00e9e Balzac"},"image":{"@id":"https:\/\/www.musee-balzac.fr\/#\/schema\/logo\/image\/"}}]}},"_links":{"self":[{"href":"https:\/\/www.musee-balzac.fr\/en\/wp-json\/wp\/v2\/pages\/18805","targetHints":{"allow":["GET"]}}],"collection":[{"href":"https:\/\/www.musee-balzac.fr\/en\/wp-json\/wp\/v2\/pages"}],"about":[{"href":"https:\/\/www.musee-balzac.fr\/en\/wp-json\/wp\/v2\/types\/page"}],"author":[{"embeddable":true,"href":"https:\/\/www.musee-balzac.fr\/en\/wp-json\/wp\/v2\/users\/10"}],"replies":[{"embeddable":true,"href":"https:\/\/www.musee-balzac.fr\/en\/wp-json\/wp\/v2\/comments?post=18805"}],"version-history":[{"count":6,"href":"https:\/\/www.musee-balzac.fr\/en\/wp-json\/wp\/v2\/pages\/18805\/revisions"}],"predecessor-version":[{"id":22803,"href":"https:\/\/www.musee-balzac.fr\/en\/wp-json\/wp\/v2\/pages\/18805\/revisions\/22803"}],"up":[{"embeddable":true,"href":"https:\/\/www.musee-balzac.fr\/en\/wp-json\/wp\/v2\/pages\/18834"}],"wp:attachment":[{"href":"https:\/\/www.musee-balzac.fr\/en\/wp-json\/wp\/v2\/media?parent=18805"}],"curies":[{"name":"wp","href":"https:\/\/api.w.org\/{rel}","templated":true}]}}