{"id":18823,"date":"2021-09-28T14:21:06","date_gmt":"2021-09-28T12:21:06","guid":{"rendered":"https:\/\/www.musee-balzac.fr\/explore-the-museum\/les-espaces-du-musee\/"},"modified":"2025-11-26T11:47:38","modified_gmt":"2025-11-26T10:47:38","slug":"museum-galleries","status":"publish","type":"page","link":"https:\/\/www.musee-balzac.fr\/en\/explore-the-museum\/museum-galleries\/","title":{"rendered":"Museum galleries"},"content":{"rendered":"<div id=\"pl-18823\"  class=\"panel-layout\" ><div id=\"pg-18823-0\"  class=\"panel-grid panel-has-style\" ><div class=\"image_gauche siteorigin-panels-stretch panel-row-style panel-row-style-for-18823-0\" data-stretch-type=\"full\" ><div id=\"pgc-18823-0-0\"  class=\"panel-grid-cell\" ><div id=\"panel-18823-0-0-0\" class=\"so-panel widget widget_sow-editor panel-first-child panel-last-child\" data-index=\"0\" ><div\n\t\t\t\n\t\t\tclass=\"so-widget-sow-editor so-widget-sow-editor-base\"\n\t\t\t\n\t\t>\n<div class=\"siteorigin-widget-tinymce textwidget\">\n\t<p><a href=\"https:\/\/www.musee-balzac.fr\/wp-content\/uploads\/2021\/09\/MUSEE_espaces_1er_etage-scaled.jpg\"><img loading=\"lazy\" decoding=\"async\" class=\"alignnone wp-image-17509 size-full\" src=\"https:\/\/www.musee-balzac.fr\/wp-content\/uploads\/2021\/09\/MUSEE_espaces_1er_etage-scaled.jpg\" alt=\"\" width=\"2560\" height=\"1707\" srcset=\"https:\/\/www.musee-balzac.fr\/wp-content\/uploads\/2021\/09\/MUSEE_espaces_1er_etage-scaled.jpg 2560w, https:\/\/www.musee-balzac.fr\/wp-content\/uploads\/2021\/09\/MUSEE_espaces_1er_etage-300x200.jpg 300w, https:\/\/www.musee-balzac.fr\/wp-content\/uploads\/2021\/09\/MUSEE_espaces_1er_etage-1024x683.jpg 1024w, https:\/\/www.musee-balzac.fr\/wp-content\/uploads\/2021\/09\/MUSEE_espaces_1er_etage-1536x1024.jpg 1536w, https:\/\/www.musee-balzac.fr\/wp-content\/uploads\/2021\/09\/MUSEE_espaces_1er_etage-2048x1366.jpg 2048w, https:\/\/www.musee-balzac.fr\/wp-content\/uploads\/2021\/09\/MUSEE_espaces_1er_etage-1320x880.jpg 1320w, https:\/\/www.musee-balzac.fr\/wp-content\/uploads\/2021\/09\/MUSEE_espaces_1er_etage-272x182.jpg 272w\" sizes=\"auto, (max-width: 2560px) 100vw, 2560px\" \/><\/a><\/p>\n<p><em>Main living room, first floor<\/em>, Sach\u00e9, Balzac Museum, photo Stevens Fr\u00e9mont.<\/p>\n<\/div>\n<\/div><\/div><\/div><div id=\"pgc-18823-0-1\"  class=\"panel-grid-cell\" ><div id=\"panel-18823-0-1-0\" class=\"so-panel widget widget_sow-editor panel-first-child panel-last-child\" data-index=\"1\" ><div class=\"btn_telecharger panel-widget-style panel-widget-style-for-18823-0-1-0\" ><div\n\t\t\t\n\t\t\tclass=\"so-widget-sow-editor so-widget-sow-editor-base\"\n\t\t\t\n\t\t>\n<div class=\"siteorigin-widget-tinymce textwidget\">\n\t<h4 style=\"text-align: right;\"><a href=\"https:\/\/www.musee-balzac.fr\/en\/explore-the-museum\/museum-galleries\/virtual-tour\/\" target=\"_blank\" rel=\"noopener\">&gt;&gt; Virtual tour of the museum<\/a><\/h4>\n<h4 style=\"text-align: right;\"><strong><a href=\"http:\/\/www.musee-balzac.fr\/wp-content\/uploads\/2025\/11\/186a_NOTICE_SACHE_AN_BAT.pdf\" target=\"_blank\" rel=\"noopener\">&gt;&gt; Download the visitor brochure ( 1,2 Mo, PDF)<\/a><\/strong><\/h4>\n<p>&nbsp;<\/p>\n<h2>First floor<\/h2>\n<p>Visitors begin their tour by passing through the bossage door then up a large 17th century staircase to the first floor. The reception rooms whisk you away to the early 19th century. The living room\u00a0(listed as a Monument Historique) is a feast for the eyes with staggering trompe-l\u2019oeil wallpaper from the first quarter of the 19th century.\u00a0This dramatic interior set the scene for Balzac's games of whist and backgammon with Jean Margonne. The wallpaper from the first quarter of the 19th century in the dining room (listed as a Monument Historique) is based on an original panel. The mythological frieze may have inspired the description of the Vauquer boarding house's lounge in\u00a0<em>Father Goriot\u00a0<\/em>whose manuscript Balzac wrote in Sach\u00e9 in 1834.<\/p>\n<\/div>\n<\/div><\/div><\/div><\/div><\/div><\/div><div id=\"pg-18823-1\"  class=\"panel-grid panel-has-style\" ><div class=\"texte_blanc siteorigin-panels-stretch panel-row-style panel-row-style-for-18823-1\" data-stretch-type=\"full\" ><div id=\"pgc-18823-1-0\"  class=\"panel-grid-cell\" ><div id=\"panel-18823-1-0-0\" class=\"so-panel widget widget_sow-editor panel-first-child panel-last-child\" data-index=\"2\" ><div class=\"tarif panel-widget-style panel-widget-style-for-18823-1-0-0\" ><div\n\t\t\t\n\t\t\tclass=\"so-widget-sow-editor so-widget-sow-editor-base\"\n\t\t\t\n\t\t>\n<div class=\"siteorigin-widget-tinymce textwidget\">\n\t<h2>Second floor<\/h2>\n<p>The tour continues on the second floor. Visitors venture up the 15th century spiral staircase to drink in the cosy bedroom (listed as a Monument Historique) where the author of\u00a0<em>The Human Comedy\u00a0<\/em>spent long hours drinking countless cups of coffee to fuel his imagination. The other rooms on this floor introduce visitors to Balzac's life and work with a presentation of permanent collections (prints, manuscripts, engravings, paintings and sculptures) and replica of Abbot Birotteau's bedroom in\u00a0<em>The Vicar of Tours<\/em>.<\/p>\n<\/div>\n<\/div><\/div><\/div><\/div><div id=\"pgc-18823-1-1\"  class=\"panel-grid-cell\" ><div id=\"panel-18823-1-1-0\" class=\"so-panel widget widget_sow-editor panel-first-child panel-last-child\" data-index=\"3\" ><div class=\"animation_droite_gauche texte_blanc  panel-widget-style panel-widget-style-for-18823-1-1-0\" ><div\n\t\t\t\n\t\t\tclass=\"so-widget-sow-editor so-widget-sow-editor-base\"\n\t\t\t\n\t\t>\n<div class=\"siteorigin-widget-tinymce textwidget\">\n\t<p><a href=\"https:\/\/www.musee-balzac.fr\/wp-content\/uploads\/2021\/09\/MUSEE_espaces_2eme_etage-scaled.jpg\"><img loading=\"lazy\" decoding=\"async\" class=\"alignnone wp-image-17511 size-full\" src=\"https:\/\/www.musee-balzac.fr\/wp-content\/uploads\/2021\/09\/MUSEE_espaces_2eme_etage-scaled.jpg\" alt=\"\" width=\"2560\" height=\"1707\" srcset=\"https:\/\/www.musee-balzac.fr\/wp-content\/uploads\/2021\/09\/MUSEE_espaces_2eme_etage-scaled.jpg 2560w, https:\/\/www.musee-balzac.fr\/wp-content\/uploads\/2021\/09\/MUSEE_espaces_2eme_etage-300x200.jpg 300w, https:\/\/www.musee-balzac.fr\/wp-content\/uploads\/2021\/09\/MUSEE_espaces_2eme_etage-1024x683.jpg 1024w, https:\/\/www.musee-balzac.fr\/wp-content\/uploads\/2021\/09\/MUSEE_espaces_2eme_etage-1536x1024.jpg 1536w, https:\/\/www.musee-balzac.fr\/wp-content\/uploads\/2021\/09\/MUSEE_espaces_2eme_etage-2048x1366.jpg 2048w, https:\/\/www.musee-balzac.fr\/wp-content\/uploads\/2021\/09\/MUSEE_espaces_2eme_etage-1320x880.jpg 1320w, https:\/\/www.musee-balzac.fr\/wp-content\/uploads\/2021\/09\/MUSEE_espaces_2eme_etage-272x182.jpg 272w\" sizes=\"auto, (max-width: 2560px) 100vw, 2560px\" \/><\/a><\/p>\n<p><em>Balzac's bedroom, second floor<\/em>, Sach\u00e9, Balzac Museum, photo Stevens Fr\u00e9mont.<\/p>\n<\/div>\n<\/div><\/div><\/div><\/div><\/div><\/div><div id=\"pg-18823-2\"  class=\"panel-grid panel-has-style\" ><div class=\"image_gauche siteorigin-panels-stretch panel-row-style panel-row-style-for-18823-2\" data-stretch-type=\"full\" ><div id=\"pgc-18823-2-0\"  class=\"panel-grid-cell\" ><div id=\"panel-18823-2-0-0\" class=\"so-panel widget widget_sow-editor panel-first-child panel-last-child\" data-index=\"4\" ><div\n\t\t\t\n\t\t\tclass=\"so-widget-sow-editor so-widget-sow-editor-base\"\n\t\t\t\n\t\t>\n<div class=\"siteorigin-widget-tinymce textwidget\">\n\t<p><a href=\"https:\/\/www.musee-balzac.fr\/wp-content\/uploads\/2021\/09\/MUSEE_espaces_rdc.jpg\"><img loading=\"lazy\" decoding=\"async\" class=\"alignnone wp-image-17507 size-full\" src=\"https:\/\/www.musee-balzac.fr\/wp-content\/uploads\/2021\/09\/MUSEE_espaces_rdc.jpg\" alt=\"\" width=\"1357\" height=\"1068\" srcset=\"https:\/\/www.musee-balzac.fr\/wp-content\/uploads\/2021\/09\/MUSEE_espaces_rdc.jpg 1357w, https:\/\/www.musee-balzac.fr\/wp-content\/uploads\/2021\/09\/MUSEE_espaces_rdc-300x236.jpg 300w, https:\/\/www.musee-balzac.fr\/wp-content\/uploads\/2021\/09\/MUSEE_espaces_rdc-1024x806.jpg 1024w, https:\/\/www.musee-balzac.fr\/wp-content\/uploads\/2021\/09\/MUSEE_espaces_rdc-192x151.jpg 192w, https:\/\/www.musee-balzac.fr\/wp-content\/uploads\/2021\/09\/MUSEE_espaces_rdc-404x318.jpg 404w, https:\/\/www.musee-balzac.fr\/wp-content\/uploads\/2021\/09\/MUSEE_espaces_rdc-1320x1039.jpg 1320w\" sizes=\"auto, (max-width: 1357px) 100vw, 1357px\" \/><\/a><\/p>\n<p><em>Printing room, ground floor<\/em>, Sach\u00e9, Balzac Museum, photo Stevens Fr\u00e9mont.<\/p>\n<\/div>\n<\/div><\/div><\/div><div id=\"pgc-18823-2-1\"  class=\"panel-grid-cell\" ><div id=\"panel-18823-2-1-0\" class=\"so-panel widget widget_sow-editor panel-first-child panel-last-child\" data-index=\"5\" ><div class=\"btn_telecharger panel-widget-style panel-widget-style-for-18823-2-1-0\" ><div\n\t\t\t\n\t\t\tclass=\"so-widget-sow-editor so-widget-sow-editor-base\"\n\t\t\t\n\t\t>\n<div class=\"siteorigin-widget-tinymce textwidget\">\n\t<h2>Ground floor<\/h2>\n<p>The tour ends on the ground floor of the museum. A 19th century printing workshop has been replicated to present Balzac's work as a printer between 1826 and 1828. The Mus\u00e9e Balzac has a new display on the ch\u00e2teau\u2019s ground floor presenting sculptures and monuments made between 1850 and 2019 in tribute to Balzac. Displaying all these projects together enables visitors to compare pieces by the artists Paul Fournier, Henri Chapu, Alexandre Falgui\u00e8re and Fran\u00e7ois Sicard, whose work is true to the academic tradition of a public monument in tribute to a writer. It also highlights how pioneering the pieces by Auguste Rodin and Anatole Marquet de Vasselot were in the 19th century, alongside the anti-monument by Nicolas Milh\u00e9 in 2019.<\/p>\n<p>&nbsp;<\/p>\n<p><img loading=\"lazy\" decoding=\"async\" class=\"alignnone wp-image-19370\" src=\"http:\/\/www.musee-balzac.fr\/wp-content\/uploads\/2021\/12\/salle_rodin_2021_01-1024x576.jpg\" alt=\"\" width=\"600\" height=\"338\" srcset=\"https:\/\/www.musee-balzac.fr\/wp-content\/uploads\/2021\/12\/salle_rodin_2021_01-1024x576.jpg 1024w, https:\/\/www.musee-balzac.fr\/wp-content\/uploads\/2021\/12\/salle_rodin_2021_01-300x169.jpg 300w, https:\/\/www.musee-balzac.fr\/wp-content\/uploads\/2021\/12\/salle_rodin_2021_01-1536x864.jpg 1536w, https:\/\/www.musee-balzac.fr\/wp-content\/uploads\/2021\/12\/salle_rodin_2021_01-2048x1152.jpg 2048w\" sizes=\"auto, (max-width: 600px) 100vw, 600px\" \/><br \/>\n<em>New Rodin gallery display. Pieces by Auguste Rodin<\/em>, Mus\u00e9e Balzac, Ch\u00e2teau de Sach\u00e9, 2022.<\/p>\n<\/div>\n<\/div><\/div><\/div><\/div><\/div><\/div><\/div>","protected":false},"excerpt":{"rendered":"<p>Main living room, first floor, Sach\u00e9, Balzac Museum, photo Stevens Fr\u00e9mont. &gt;&gt; Virtual tour of the museum &gt;&gt; Download the visitor brochure ( 1,2 Mo, PDF) &nbsp; First floor [&hellip;]<\/p>\n","protected":false},"author":10,"featured_media":0,"parent":17740,"menu_order":94,"comment_status":"closed","ping_status":"closed","template":"","meta":{"inline_featured_image":false,"footnotes":""},"class_list":["post-18823","page","type-page","status-publish","hentry"],"yoast_head":"<!-- This site is optimized with the Yoast SEO plugin v27.3 - https:\/\/yoast.com\/product\/yoast-seo-wordpress\/ -->\n<title>Museum galleries - Mus\u00e9e Balzac<\/title>\n<meta name=\"robots\" content=\"index, follow, max-snippet:-1, max-image-preview:large, max-video-preview:-1\" \/>\n<link rel=\"canonical\" href=\"https:\/\/www.musee-balzac.fr\/en\/explore-the-museum\/museum-galleries\/\" \/>\n<meta name=\"twitter:label1\" content=\"Est. reading time\" \/>\n\t<meta name=\"twitter:data1\" content=\"3 minutes\" \/>\n<script type=\"application\/ld+json\" class=\"yoast-schema-graph\">{\"@context\":\"https:\\\/\\\/schema.org\",\"@graph\":[{\"@type\":\"WebPage\",\"@id\":\"https:\\\/\\\/www.musee-balzac.fr\\\/en\\\/explore-the-museum\\\/museum-galleries\\\/\",\"url\":\"https:\\\/\\\/www.musee-balzac.fr\\\/en\\\/explore-the-museum\\\/museum-galleries\\\/\",\"name\":\"Museum galleries - Mus\u00e9e Balzac\",\"isPartOf\":{\"@id\":\"https:\\\/\\\/www.musee-balzac.fr\\\/#website\"},\"primaryImageOfPage\":{\"@id\":\"https:\\\/\\\/www.musee-balzac.fr\\\/en\\\/explore-the-museum\\\/museum-galleries\\\/#primaryimage\"},\"image\":{\"@id\":\"https:\\\/\\\/www.musee-balzac.fr\\\/en\\\/explore-the-museum\\\/museum-galleries\\\/#primaryimage\"},\"thumbnailUrl\":\"https:\\\/\\\/www.musee-balzac.fr\\\/wp-content\\\/uploads\\\/2021\\\/09\\\/MUSEE_espaces_1er_etage-scaled.jpg\",\"datePublished\":\"2021-09-28T12:21:06+00:00\",\"dateModified\":\"2025-11-26T10:47:38+00:00\",\"breadcrumb\":{\"@id\":\"https:\\\/\\\/www.musee-balzac.fr\\\/en\\\/explore-the-museum\\\/museum-galleries\\\/#breadcrumb\"},\"inLanguage\":\"en-US\",\"potentialAction\":[{\"@type\":\"ReadAction\",\"target\":[\"https:\\\/\\\/www.musee-balzac.fr\\\/en\\\/explore-the-museum\\\/museum-galleries\\\/\"]}]},{\"@type\":\"ImageObject\",\"inLanguage\":\"en-US\",\"@id\":\"https:\\\/\\\/www.musee-balzac.fr\\\/en\\\/explore-the-museum\\\/museum-galleries\\\/#primaryimage\",\"url\":\"https:\\\/\\\/www.musee-balzac.fr\\\/wp-content\\\/uploads\\\/2021\\\/09\\\/MUSEE_espaces_1er_etage-scaled.jpg\",\"contentUrl\":\"https:\\\/\\\/www.musee-balzac.fr\\\/wp-content\\\/uploads\\\/2021\\\/09\\\/MUSEE_espaces_1er_etage-scaled.jpg\"},{\"@type\":\"BreadcrumbList\",\"@id\":\"https:\\\/\\\/www.musee-balzac.fr\\\/en\\\/explore-the-museum\\\/museum-galleries\\\/#breadcrumb\",\"itemListElement\":[{\"@type\":\"ListItem\",\"position\":1,\"name\":\"Accueil\",\"item\":\"https:\\\/\\\/www.musee-balzac.fr\\\/en\\\/\"},{\"@type\":\"ListItem\",\"position\":2,\"name\":\"Explore the Museum\",\"item\":\"https:\\\/\\\/www.musee-balzac.fr\\\/en\\\/explore-the-museum\\\/\"},{\"@type\":\"ListItem\",\"position\":3,\"name\":\"Museum galleries\"}]},{\"@type\":\"WebSite\",\"@id\":\"https:\\\/\\\/www.musee-balzac.fr\\\/#website\",\"url\":\"https:\\\/\\\/www.musee-balzac.fr\\\/\",\"name\":\"Mus\u00e9e Balzac\",\"description\":\"\",\"publisher\":{\"@id\":\"https:\\\/\\\/www.musee-balzac.fr\\\/#organization\"},\"potentialAction\":[{\"@type\":\"SearchAction\",\"target\":{\"@type\":\"EntryPoint\",\"urlTemplate\":\"https:\\\/\\\/www.musee-balzac.fr\\\/?s={search_term_string}\"},\"query-input\":{\"@type\":\"PropertyValueSpecification\",\"valueRequired\":true,\"valueName\":\"search_term_string\"}}],\"inLanguage\":\"en-US\"},{\"@type\":\"Organization\",\"@id\":\"https:\\\/\\\/www.musee-balzac.fr\\\/#organization\",\"name\":\"Mus\u00e9e Balzac\",\"url\":\"https:\\\/\\\/www.musee-balzac.fr\\\/\",\"logo\":{\"@type\":\"ImageObject\",\"inLanguage\":\"en-US\",\"@id\":\"https:\\\/\\\/www.musee-balzac.fr\\\/#\\\/schema\\\/logo\\\/image\\\/\",\"url\":\"https:\\\/\\\/www.musee-balzac.fr\\\/wp-content\\\/uploads\\\/2017\\\/06\\\/Groupe-7253.jpg\",\"contentUrl\":\"https:\\\/\\\/www.musee-balzac.fr\\\/wp-content\\\/uploads\\\/2017\\\/06\\\/Groupe-7253.jpg\",\"width\":232,\"height\":190,\"caption\":\"Mus\u00e9e Balzac\"},\"image\":{\"@id\":\"https:\\\/\\\/www.musee-balzac.fr\\\/#\\\/schema\\\/logo\\\/image\\\/\"}}]}<\/script>\n<!-- \/ Yoast SEO plugin. -->","yoast_head_json":{"title":"Museum galleries - Mus\u00e9e Balzac","robots":{"index":"index","follow":"follow","max-snippet":"max-snippet:-1","max-image-preview":"max-image-preview:large","max-video-preview":"max-video-preview:-1"},"canonical":"https:\/\/www.musee-balzac.fr\/en\/explore-the-museum\/museum-galleries\/","twitter_misc":{"Est. reading time":"3 minutes"},"schema":{"@context":"https:\/\/schema.org","@graph":[{"@type":"WebPage","@id":"https:\/\/www.musee-balzac.fr\/en\/explore-the-museum\/museum-galleries\/","url":"https:\/\/www.musee-balzac.fr\/en\/explore-the-museum\/museum-galleries\/","name":"Museum galleries - Mus\u00e9e Balzac","isPartOf":{"@id":"https:\/\/www.musee-balzac.fr\/#website"},"primaryImageOfPage":{"@id":"https:\/\/www.musee-balzac.fr\/en\/explore-the-museum\/museum-galleries\/#primaryimage"},"image":{"@id":"https:\/\/www.musee-balzac.fr\/en\/explore-the-museum\/museum-galleries\/#primaryimage"},"thumbnailUrl":"https:\/\/www.musee-balzac.fr\/wp-content\/uploads\/2021\/09\/MUSEE_espaces_1er_etage-scaled.jpg","datePublished":"2021-09-28T12:21:06+00:00","dateModified":"2025-11-26T10:47:38+00:00","breadcrumb":{"@id":"https:\/\/www.musee-balzac.fr\/en\/explore-the-museum\/museum-galleries\/#breadcrumb"},"inLanguage":"en-US","potentialAction":[{"@type":"ReadAction","target":["https:\/\/www.musee-balzac.fr\/en\/explore-the-museum\/museum-galleries\/"]}]},{"@type":"ImageObject","inLanguage":"en-US","@id":"https:\/\/www.musee-balzac.fr\/en\/explore-the-museum\/museum-galleries\/#primaryimage","url":"https:\/\/www.musee-balzac.fr\/wp-content\/uploads\/2021\/09\/MUSEE_espaces_1er_etage-scaled.jpg","contentUrl":"https:\/\/www.musee-balzac.fr\/wp-content\/uploads\/2021\/09\/MUSEE_espaces_1er_etage-scaled.jpg"},{"@type":"BreadcrumbList","@id":"https:\/\/www.musee-balzac.fr\/en\/explore-the-museum\/museum-galleries\/#breadcrumb","itemListElement":[{"@type":"ListItem","position":1,"name":"Accueil","item":"https:\/\/www.musee-balzac.fr\/en\/"},{"@type":"ListItem","position":2,"name":"Explore the Museum","item":"https:\/\/www.musee-balzac.fr\/en\/explore-the-museum\/"},{"@type":"ListItem","position":3,"name":"Museum galleries"}]},{"@type":"WebSite","@id":"https:\/\/www.musee-balzac.fr\/#website","url":"https:\/\/www.musee-balzac.fr\/","name":"Mus\u00e9e Balzac","description":"","publisher":{"@id":"https:\/\/www.musee-balzac.fr\/#organization"},"potentialAction":[{"@type":"SearchAction","target":{"@type":"EntryPoint","urlTemplate":"https:\/\/www.musee-balzac.fr\/?s={search_term_string}"},"query-input":{"@type":"PropertyValueSpecification","valueRequired":true,"valueName":"search_term_string"}}],"inLanguage":"en-US"},{"@type":"Organization","@id":"https:\/\/www.musee-balzac.fr\/#organization","name":"Mus\u00e9e Balzac","url":"https:\/\/www.musee-balzac.fr\/","logo":{"@type":"ImageObject","inLanguage":"en-US","@id":"https:\/\/www.musee-balzac.fr\/#\/schema\/logo\/image\/","url":"https:\/\/www.musee-balzac.fr\/wp-content\/uploads\/2017\/06\/Groupe-7253.jpg","contentUrl":"https:\/\/www.musee-balzac.fr\/wp-content\/uploads\/2017\/06\/Groupe-7253.jpg","width":232,"height":190,"caption":"Mus\u00e9e Balzac"},"image":{"@id":"https:\/\/www.musee-balzac.fr\/#\/schema\/logo\/image\/"}}]}},"_links":{"self":[{"href":"https:\/\/www.musee-balzac.fr\/en\/wp-json\/wp\/v2\/pages\/18823","targetHints":{"allow":["GET"]}}],"collection":[{"href":"https:\/\/www.musee-balzac.fr\/en\/wp-json\/wp\/v2\/pages"}],"about":[{"href":"https:\/\/www.musee-balzac.fr\/en\/wp-json\/wp\/v2\/types\/page"}],"author":[{"embeddable":true,"href":"https:\/\/www.musee-balzac.fr\/en\/wp-json\/wp\/v2\/users\/10"}],"replies":[{"embeddable":true,"href":"https:\/\/www.musee-balzac.fr\/en\/wp-json\/wp\/v2\/comments?post=18823"}],"version-history":[{"count":6,"href":"https:\/\/www.musee-balzac.fr\/en\/wp-json\/wp\/v2\/pages\/18823\/revisions"}],"predecessor-version":[{"id":25249,"href":"https:\/\/www.musee-balzac.fr\/en\/wp-json\/wp\/v2\/pages\/18823\/revisions\/25249"}],"up":[{"embeddable":true,"href":"https:\/\/www.musee-balzac.fr\/en\/wp-json\/wp\/v2\/pages\/17740"}],"wp:attachment":[{"href":"https:\/\/www.musee-balzac.fr\/en\/wp-json\/wp\/v2\/media?parent=18823"}],"curies":[{"name":"wp","href":"https:\/\/api.w.org\/{rel}","templated":true}]}}