{"id":18824,"date":"2021-09-28T12:34:39","date_gmt":"2021-09-28T10:34:39","guid":{"rendered":"https:\/\/www.musee-balzac.fr\/explore-the-museum\/les-collections\/"},"modified":"2026-04-19T16:20:19","modified_gmt":"2026-04-19T14:20:19","slug":"collections","status":"publish","type":"page","link":"https:\/\/www.musee-balzac.fr\/en\/explore-the-museum\/collections\/","title":{"rendered":"Collections"},"content":{"rendered":"<div id=\"pl-18824\"  class=\"panel-layout\" ><div id=\"pg-18824-0\"  class=\"panel-grid panel-no-style\" ><div id=\"pgc-18824-0-0\"  class=\"panel-grid-cell\" ><div id=\"panel-18824-0-0-0\" class=\"so-panel widget widget_sow-editor panel-first-child panel-last-child\" data-index=\"0\" ><div\n\t\t\t\n\t\t\tclass=\"so-widget-sow-editor so-widget-sow-editor-base\"\n\t\t\t\n\t\t>\n<div class=\"siteorigin-widget-tinymce textwidget\">\n\t<p style=\"text-align: center;\"><em><strong>The Balzac Museum's collections include around 2300 items (sculptures, paintings, prints, manuscripts, engravings, drawings, photographs, printing equipment, furniture).\u00a0The body of these collections was formed by six donations by the\u00a0M\u00e9tadier family and Bernard-Paul M\u00e9tadier to Indre-et-Loire Council which has also made several major acquisitions to join the collections.<\/strong><\/em><\/p>\n<p>&nbsp;<\/p>\n<p style=\"text-align: right;\"><a href=\"https:\/\/www.pop.culture.gouv.fr\/gallery\/65a151d5e014c315e956bac3\" target=\"_blank\" rel=\"noopener\">&gt;&gt; &gt;&gt; View the collections online at Joconde<\/a><\/p>\n<\/div>\n<\/div><\/div><\/div><\/div><div id=\"pg-18824-1\"  class=\"panel-grid panel-has-style\" ><div class=\"image_gauche siteorigin-panels-stretch panel-row-style panel-row-style-for-18824-1\" data-stretch-type=\"full\" ><div id=\"pgc-18824-1-0\"  class=\"panel-grid-cell\" ><div id=\"panel-18824-1-0-0\" class=\"so-panel widget widget_sow-editor panel-first-child panel-last-child\" data-index=\"1\" ><div\n\t\t\t\n\t\t\tclass=\"so-widget-sow-editor so-widget-sow-editor-base\"\n\t\t\t\n\t\t>\n<div class=\"siteorigin-widget-tinymce textwidget\">\n\t<p><a href=\"https:\/\/www.musee-balzac.fr\/wp-content\/uploads\/2021\/09\/MUSEE_collections_imprimes.jpg\"><img loading=\"lazy\" decoding=\"async\" class=\"alignnone wp-image-17486 size-full\" src=\"https:\/\/www.musee-balzac.fr\/wp-content\/uploads\/2021\/09\/MUSEE_collections_imprimes.jpg\" alt=\"\" width=\"1251\" height=\"824\" srcset=\"https:\/\/www.musee-balzac.fr\/wp-content\/uploads\/2021\/09\/MUSEE_collections_imprimes.jpg 1251w, https:\/\/www.musee-balzac.fr\/wp-content\/uploads\/2021\/09\/MUSEE_collections_imprimes-300x198.jpg 300w, https:\/\/www.musee-balzac.fr\/wp-content\/uploads\/2021\/09\/MUSEE_collections_imprimes-1024x674.jpg 1024w\" sizes=\"auto, (max-width: 1251px) 100vw, 1251px\" \/><\/a><\/p>\n<p><em>Vintage editions of Balzac's books<\/em>, Balzac Museum collection, photo C. Raimbault, CD37.<\/p>\n<\/div>\n<\/div><\/div><\/div><div id=\"pgc-18824-1-1\"  class=\"panel-grid-cell\" ><div id=\"panel-18824-1-1-0\" class=\"so-panel widget widget_sow-editor panel-first-child panel-last-child\" data-index=\"2\" ><div class=\"btn_telecharger panel-widget-style panel-widget-style-for-18824-1-1-0\" ><div\n\t\t\t\n\t\t\tclass=\"so-widget-sow-editor so-widget-sow-editor-base\"\n\t\t\t\n\t\t>\n<div class=\"siteorigin-widget-tinymce textwidget\">\n\t<h2>Precious print collection<\/h2>\n<p>The body of the Balzac Museum's print collections (around 1000 items) was formed by donations from Bernard-Paul M\u00e9tadier and the Samueli collection.\u00a0A variety of donations saw Bernard-Paul\u00a0M\u00e9tadier enhance the Balzac Museum's print collections based on his personal interests. So there's a focus on certain topics: Balzac's Touraine, Balzac's Paris, Balzac and science, Balzac and printing. Indre-et-Loire Council bought the Samueli collection in 2002 with financial support from the DRAC and Central region. It has around six hundred bound volumes. Jean-Jacques Samueli, a passionate collector, spent decades putting the fantastic collection together. This collection includes all the books that Balzac wrote in his youth and published under different pseudonyms. The first pieces by the then unknown author are now almost impossible to find. This collection also includes all the first editions of Balzac's novels and books, fantastic illustrated specimens, collector's editions, Belgian and Dutch preprints and counterfeits. It is currently on public display on the second floor of the museum in a majestic Restoration period bookcase donated by the Mobilier National.<\/p>\n<div><\/div>\n<div><\/div>\n<\/div>\n<\/div><\/div><\/div><\/div><\/div><\/div><div id=\"pg-18824-2\"  class=\"panel-grid panel-has-style\" ><div class=\"texte_blanc siteorigin-panels-stretch panel-row-style panel-row-style-for-18824-2\" data-stretch-type=\"full\" ><div id=\"pgc-18824-2-0\"  class=\"panel-grid-cell\" ><div id=\"panel-18824-2-0-0\" class=\"so-panel widget widget_sow-editor panel-first-child panel-last-child\" data-index=\"3\" ><div class=\"tarif panel-widget-style panel-widget-style-for-18824-2-0-0\" ><div\n\t\t\t\n\t\t\tclass=\"so-widget-sow-editor so-widget-sow-editor-base\"\n\t\t\t\n\t\t>\n<div class=\"siteorigin-widget-tinymce textwidget\">\n\t<p>&nbsp;<\/p>\n<h2>Manuscripts<\/h2>\n<p>The Balzac Museum's collections of manuscripts (letters between Balzac and his contemporaries) include three volumes of corrected proofs of <em>The Lily of the Valley.\u00a0<\/em>They form the\u00a0second, third and fourth drafts for all the documents which track the novel's genesis (the manuscript, galley proofs and other drafts are in the Spoelberch de Lovenjoul collection at the Institut de France). There are also corrected galley proofs of\u00a0<em>La Chine et les Chinois\u00a0<\/em>(nine folios with handwritten corrections by Balzac) and an edition of\u00a0<em>Louis Lambert<\/em>\u00a0with handwritten annotations by Balzac.<\/p>\n<\/div>\n<\/div><\/div><\/div><\/div><div id=\"pgc-18824-2-1\"  class=\"panel-grid-cell\" ><div id=\"panel-18824-2-1-0\" class=\"so-panel widget widget_sow-editor panel-first-child panel-last-child\" data-index=\"4\" ><div class=\"animation_droite_gauche texte_blanc  panel-widget-style panel-widget-style-for-18824-2-1-0\" ><div\n\t\t\t\n\t\t\tclass=\"so-widget-sow-editor so-widget-sow-editor-base\"\n\t\t\t\n\t\t>\n<div class=\"siteorigin-widget-tinymce textwidget\">\n\t<p><a href=\"https:\/\/www.musee-balzac.fr\/wp-content\/uploads\/2021\/09\/MUSEE_collections_manuscrits.jpg\"><img loading=\"lazy\" decoding=\"async\" class=\"alignnone wp-image-17488 size-full\" src=\"https:\/\/www.musee-balzac.fr\/wp-content\/uploads\/2021\/09\/MUSEE_collections_manuscrits.jpg\" alt=\"\" width=\"1080\" height=\"1080\" srcset=\"https:\/\/www.musee-balzac.fr\/wp-content\/uploads\/2021\/09\/MUSEE_collections_manuscrits.jpg 1080w, https:\/\/www.musee-balzac.fr\/wp-content\/uploads\/2021\/09\/MUSEE_collections_manuscrits-300x300.jpg 300w, https:\/\/www.musee-balzac.fr\/wp-content\/uploads\/2021\/09\/MUSEE_collections_manuscrits-1024x1024.jpg 1024w, https:\/\/www.musee-balzac.fr\/wp-content\/uploads\/2021\/09\/MUSEE_collections_manuscrits-150x150.jpg 150w\" sizes=\"auto, (max-width: 1080px) 100vw, 1080px\" \/><\/a><\/p>\n<p>Honor\u00e9 de Balzac,<em> Corrected proofs of The Lily of the Valley<\/em>, 1835, Balzac Museum collection.<\/p>\n<\/div>\n<\/div><\/div><\/div><\/div><\/div><\/div><div id=\"pg-18824-3\"  class=\"panel-grid panel-has-style\" ><div class=\"image_gauche siteorigin-panels-stretch panel-row-style panel-row-style-for-18824-3\" data-stretch-type=\"full\" ><div id=\"pgc-18824-3-0\"  class=\"panel-grid-cell\" ><div id=\"panel-18824-3-0-0\" class=\"so-panel widget widget_sow-editor panel-first-child panel-last-child\" data-index=\"5\" ><div\n\t\t\t\n\t\t\tclass=\"so-widget-sow-editor so-widget-sow-editor-base\"\n\t\t\t\n\t\t>\n<div class=\"siteorigin-widget-tinymce textwidget\">\n\t<p><a href=\"https:\/\/www.musee-balzac.fr\/wp-content\/uploads\/2021\/09\/MUSEE_collections_peintures.jpg\"><img loading=\"lazy\" decoding=\"async\" class=\"alignnone wp-image-17492 size-full\" src=\"https:\/\/www.musee-balzac.fr\/wp-content\/uploads\/2021\/09\/MUSEE_collections_peintures.jpg\" alt=\"\" width=\"1500\" height=\"1000\" srcset=\"https:\/\/www.musee-balzac.fr\/wp-content\/uploads\/2021\/09\/MUSEE_collections_peintures.jpg 1500w, https:\/\/www.musee-balzac.fr\/wp-content\/uploads\/2021\/09\/MUSEE_collections_peintures-300x200.jpg 300w, https:\/\/www.musee-balzac.fr\/wp-content\/uploads\/2021\/09\/MUSEE_collections_peintures-1024x683.jpg 1024w, https:\/\/www.musee-balzac.fr\/wp-content\/uploads\/2021\/09\/MUSEE_collections_peintures-1320x880.jpg 1320w, https:\/\/www.musee-balzac.fr\/wp-content\/uploads\/2021\/09\/MUSEE_collections_peintures-272x182.jpg 272w\" sizes=\"auto, (max-width: 1500px) 100vw, 1500px\" \/><\/a><\/p>\n<p>Jean-Louis Hector Viger, <em>Duchess of Abrant\u00e8s<\/em> (detail), oil on canvas, mid-19th century, based on the miniature painted by Ferdinando QUAGLIA circa 1812 (location unknown), Mobilier National deposit, Sach\u00e9, Balzac Museum.<\/p>\n<\/div>\n<\/div><\/div><\/div><div id=\"pgc-18824-3-1\"  class=\"panel-grid-cell\" ><div id=\"panel-18824-3-1-0\" class=\"so-panel widget widget_sow-editor panel-first-child panel-last-child\" data-index=\"6\" ><div class=\"btn_telecharger panel-widget-style panel-widget-style-for-18824-3-1-0\" ><div\n\t\t\t\n\t\t\tclass=\"so-widget-sow-editor so-widget-sow-editor-base\"\n\t\t\t\n\t\t>\n<div class=\"siteorigin-widget-tinymce textwidget\">\n\t<h2>Paintings<\/h2>\n<p>The Balzac Museum has exhibited portraits of Mrs Hanska's daughter, her son-in-law by Jean Gigoux and Mr Hanski by Giuseppe Bezzuoli since 2013. These are collections on loan to the Balzac Museum (Paris).<\/p>\n<div><\/div>\n<div><\/div>\n<\/div>\n<\/div><\/div><\/div><\/div><\/div><\/div><div id=\"pg-18824-4\"  class=\"panel-grid panel-has-style\" ><div class=\"texte_blanc siteorigin-panels-stretch panel-row-style panel-row-style-for-18824-4\" data-stretch-type=\"full\" ><div id=\"pgc-18824-4-0\"  class=\"panel-grid-cell\" ><div id=\"panel-18824-4-0-0\" class=\"so-panel widget widget_sow-editor panel-first-child panel-last-child\" data-index=\"7\" ><div class=\"tarif panel-widget-style panel-widget-style-for-18824-4-0-0\" ><div\n\t\t\t\n\t\t\tclass=\"so-widget-sow-editor so-widget-sow-editor-base\"\n\t\t\t\n\t\t>\n<div class=\"siteorigin-widget-tinymce textwidget\">\n\t<p>&nbsp;<\/p>\n<h2>Sculptures<\/h2>\n<p>Balzac was depicted by several sculptors including David\u00a0d\u2019Angers, Marquet de Vasselot, Auguste Rodin and Alexandre Falgui\u00e8re whose pieces are on display at the Balzac Museum. Rodin's 1891 commission from the Soci\u00e9t\u00e9 des Gens de Lettres resulted in countless preparatory studies including plaster casts and bronzes which enable us to track its genesis (Balzac Museum collections and deposits). Auguste Rodin visited the Indre Valley in 1892 to stay at\u00a0<strong><a href=\"http:\/\/www.chateaudelislette.fr\/\">Ch\u00e2teau de l'Islette<\/a><\/strong> to draw inspiration from the novelist's homeland and begin his first studies for his\u00a0<em>Balzac<\/em>.<\/p>\n<p>The Balzac Museum also displays a series of plaster and terracotta casts by Pierre Ripert depicting characters in <em>The Human Comedy<\/em>\u00a0and sculptures reflecting Balzac's personal taste in art (pieces based on Falconet, Michelangelo, Michallon) which inspired his novels.<\/p>\n<\/div>\n<\/div><\/div><\/div><\/div><div id=\"pgc-18824-4-1\"  class=\"panel-grid-cell\" ><div id=\"panel-18824-4-1-0\" class=\"so-panel widget widget_sow-editor panel-first-child panel-last-child\" data-index=\"8\" ><div class=\"animation_droite_gauche texte_blanc  panel-widget-style panel-widget-style-for-18824-4-1-0\" ><div\n\t\t\t\n\t\t\tclass=\"so-widget-sow-editor so-widget-sow-editor-base\"\n\t\t\t\n\t\t>\n<div class=\"siteorigin-widget-tinymce textwidget\">\n\t<p><a href=\"https:\/\/www.musee-balzac.fr\/wp-content\/uploads\/2021\/09\/MUSEE_collections_sculptures.jpg\"><img loading=\"lazy\" decoding=\"async\" class=\"alignnone wp-image-17494 size-full\" src=\"https:\/\/www.musee-balzac.fr\/wp-content\/uploads\/2021\/09\/MUSEE_collections_sculptures.jpg\" alt=\"\" width=\"767\" height=\"1151\" srcset=\"https:\/\/www.musee-balzac.fr\/wp-content\/uploads\/2021\/09\/MUSEE_collections_sculptures.jpg 767w, https:\/\/www.musee-balzac.fr\/wp-content\/uploads\/2021\/09\/MUSEE_collections_sculptures-200x300.jpg 200w, https:\/\/www.musee-balzac.fr\/wp-content\/uploads\/2021\/09\/MUSEE_collections_sculptures-682x1024.jpg 682w\" sizes=\"auto, (max-width: 767px) 100vw, 767px\" \/><\/a><\/p>\n<p>Auguste Rodin,<em> Balzac, nude study C, <\/em>1892, Balzac Museum collection, photo C. Raimbault, CD37.<\/p>\n<\/div>\n<\/div><\/div><\/div><\/div><\/div><\/div><div id=\"pg-18824-5\"  class=\"panel-grid panel-has-style\" ><div class=\"image_gauche siteorigin-panels-stretch panel-row-style panel-row-style-for-18824-5\" data-stretch-type=\"full\" ><div id=\"pgc-18824-5-0\"  class=\"panel-grid-cell\" ><div id=\"panel-18824-5-0-0\" class=\"so-panel widget widget_sow-editor panel-first-child panel-last-child\" data-index=\"9\" ><div\n\t\t\t\n\t\t\tclass=\"so-widget-sow-editor so-widget-sow-editor-base\"\n\t\t\t\n\t\t>\n<div class=\"siteorigin-widget-tinymce textwidget\">\n\t<p><a href=\"https:\/\/www.musee-balzac.fr\/wp-content\/uploads\/2021\/09\/MUSEE_collections_estampes.jpg\"><img loading=\"lazy\" decoding=\"async\" class=\"alignnone wp-image-17484 size-full\" src=\"https:\/\/www.musee-balzac.fr\/wp-content\/uploads\/2021\/09\/MUSEE_collections_estampes.jpg\" alt=\"\" width=\"1605\" height=\"1040\" srcset=\"https:\/\/www.musee-balzac.fr\/wp-content\/uploads\/2021\/09\/MUSEE_collections_estampes.jpg 1605w, https:\/\/www.musee-balzac.fr\/wp-content\/uploads\/2021\/09\/MUSEE_collections_estampes-300x194.jpg 300w, https:\/\/www.musee-balzac.fr\/wp-content\/uploads\/2021\/09\/MUSEE_collections_estampes-1024x664.jpg 1024w, https:\/\/www.musee-balzac.fr\/wp-content\/uploads\/2021\/09\/MUSEE_collections_estampes-1536x995.jpg 1536w, https:\/\/www.musee-balzac.fr\/wp-content\/uploads\/2021\/09\/MUSEE_collections_estampes-1320x855.jpg 1320w\" sizes=\"auto, (max-width: 1605px) 100vw, 1605px\" \/><\/a><\/p>\n<p>JJ Grandville,<em> Grande course au clocher acad\u00e9mique, <\/em>lithograph published in <em>La Caricature<\/em>, December 29th 1839, Balzac Museum collection, photo C. Raimbault, CD37.<\/p>\n<\/div>\n<\/div><\/div><\/div><div id=\"pgc-18824-5-1\"  class=\"panel-grid-cell\" ><div id=\"panel-18824-5-1-0\" class=\"so-panel widget widget_sow-editor panel-first-child panel-last-child\" data-index=\"10\" ><div class=\"btn_telecharger panel-widget-style panel-widget-style-for-18824-5-1-0\" ><div\n\t\t\t\n\t\t\tclass=\"so-widget-sow-editor so-widget-sow-editor-base\"\n\t\t\t\n\t\t>\n<div class=\"siteorigin-widget-tinymce textwidget\">\n\t<h2>Engravings<\/h2>\n<p>The Balzac Museum's engraving collections includes several\u00a0caricatures from the first half of the 19th century. The art form flourished during this period and was the perfect foil for Balzac's studies of manners. We should mention that the writer was heavily involved in the press industry and often the target of caricaturists.<\/p>\n<div><\/div>\n<div><\/div>\n<\/div>\n<\/div><\/div><\/div><\/div><\/div><\/div><div id=\"pg-18824-6\"  class=\"panel-grid panel-has-style\" ><div class=\"texte_blanc siteorigin-panels-stretch panel-row-style panel-row-style-for-18824-6\" data-stretch-type=\"full\" ><div id=\"pgc-18824-6-0\"  class=\"panel-grid-cell\" ><div id=\"panel-18824-6-0-0\" class=\"so-panel widget widget_sow-editor panel-first-child panel-last-child\" data-index=\"11\" ><div class=\"tarif panel-widget-style panel-widget-style-for-18824-6-0-0\" ><div\n\t\t\t\n\t\t\tclass=\"so-widget-sow-editor so-widget-sow-editor-base\"\n\t\t\t\n\t\t>\n<div class=\"siteorigin-widget-tinymce textwidget\">\n\t<p>&nbsp;<\/p>\n<h2>Printing equipment<\/h2>\n<p>A 19th century printing workshop has been replicated to present Balzac's work as a printer between 1826 and 1828. It includes a Stanhope printing press, a mid-19th century lithography press, bookbinder, antique guillotine and cases.<\/p>\n<\/div>\n<\/div><\/div><\/div><\/div><div id=\"pgc-18824-6-1\"  class=\"panel-grid-cell\" ><div id=\"panel-18824-6-1-0\" class=\"so-panel widget widget_sow-editor panel-first-child panel-last-child\" data-index=\"12\" ><div class=\"animation_droite_gauche texte_blanc  panel-widget-style panel-widget-style-for-18824-6-1-0\" ><div\n\t\t\t\n\t\t\tclass=\"so-widget-sow-editor so-widget-sow-editor-base\"\n\t\t\t\n\t\t>\n<div class=\"siteorigin-widget-tinymce textwidget\">\n\t<p><a href=\"https:\/\/www.musee-balzac.fr\/wp-content\/uploads\/2021\/09\/MUSEE_collections_materiel_imprimerie-scaled.jpg\"><img loading=\"lazy\" decoding=\"async\" class=\"alignnone wp-image-17490 size-full\" src=\"https:\/\/www.musee-balzac.fr\/wp-content\/uploads\/2021\/09\/MUSEE_collections_materiel_imprimerie-scaled.jpg\" alt=\"\" width=\"1706\" height=\"2560\" srcset=\"https:\/\/www.musee-balzac.fr\/wp-content\/uploads\/2021\/09\/MUSEE_collections_materiel_imprimerie-scaled.jpg 1706w, https:\/\/www.musee-balzac.fr\/wp-content\/uploads\/2021\/09\/MUSEE_collections_materiel_imprimerie-200x300.jpg 200w, https:\/\/www.musee-balzac.fr\/wp-content\/uploads\/2021\/09\/MUSEE_collections_materiel_imprimerie-683x1024.jpg 683w, https:\/\/www.musee-balzac.fr\/wp-content\/uploads\/2021\/09\/MUSEE_collections_materiel_imprimerie-1024x1536.jpg 1024w, https:\/\/www.musee-balzac.fr\/wp-content\/uploads\/2021\/09\/MUSEE_collections_materiel_imprimerie-1365x2048.jpg 1365w, https:\/\/www.musee-balzac.fr\/wp-content\/uploads\/2021\/09\/MUSEE_collections_materiel_imprimerie-1320x1980.jpg 1320w\" sizes=\"auto, (max-width: 1706px) 100vw, 1706px\" \/><\/a><\/p>\n<p>Printing case and characters, Balzac Museum collection, photo C. Raimbault, CD37.<\/p>\n<\/div>\n<\/div><\/div><\/div><\/div><\/div><\/div><\/div>","protected":false},"excerpt":{"rendered":"<p>The Balzac Museum&#8217;s collections include around 2300 items (sculptures, paintings, prints, manuscripts, engravings, drawings, photographs, printing equipment, furniture).\u00a0The body of these collections was formed by six donations by the\u00a0M\u00e9tadier [&hellip;]<\/p>\n","protected":false},"author":10,"featured_media":0,"parent":17740,"menu_order":94,"comment_status":"closed","ping_status":"closed","template":"","meta":{"inline_featured_image":false,"footnotes":""},"class_list":["post-18824","page","type-page","status-publish","hentry"],"yoast_head":"<!-- This site is optimized with the Yoast SEO plugin v27.5 - https:\/\/yoast.com\/product\/yoast-seo-wordpress\/ -->\n<title>Collections - Mus\u00e9e Balzac<\/title>\n<meta name=\"robots\" content=\"index, follow, max-snippet:-1, max-image-preview:large, max-video-preview:-1\" \/>\n<link rel=\"canonical\" href=\"https:\/\/www.musee-balzac.fr\/en\/explore-the-museum\/collections\/\" \/>\n<meta name=\"twitter:label1\" content=\"Est. reading time\" \/>\n\t<meta name=\"twitter:data1\" content=\"5 minutes\" \/>\n<script type=\"application\/ld+json\" class=\"yoast-schema-graph\">{\"@context\":\"https:\\\/\\\/schema.org\",\"@graph\":[{\"@type\":\"WebPage\",\"@id\":\"https:\\\/\\\/www.musee-balzac.fr\\\/en\\\/explore-the-museum\\\/collections\\\/\",\"url\":\"https:\\\/\\\/www.musee-balzac.fr\\\/en\\\/explore-the-museum\\\/collections\\\/\",\"name\":\"Collections - Mus\u00e9e Balzac\",\"isPartOf\":{\"@id\":\"https:\\\/\\\/www.musee-balzac.fr\\\/#website\"},\"primaryImageOfPage\":{\"@id\":\"https:\\\/\\\/www.musee-balzac.fr\\\/en\\\/explore-the-museum\\\/collections\\\/#primaryimage\"},\"image\":{\"@id\":\"https:\\\/\\\/www.musee-balzac.fr\\\/en\\\/explore-the-museum\\\/collections\\\/#primaryimage\"},\"thumbnailUrl\":\"https:\\\/\\\/www.musee-balzac.fr\\\/wp-content\\\/uploads\\\/2021\\\/09\\\/MUSEE_collections_imprimes.jpg\",\"datePublished\":\"2021-09-28T10:34:39+00:00\",\"dateModified\":\"2026-04-19T14:20:19+00:00\",\"breadcrumb\":{\"@id\":\"https:\\\/\\\/www.musee-balzac.fr\\\/en\\\/explore-the-museum\\\/collections\\\/#breadcrumb\"},\"inLanguage\":\"en-US\",\"potentialAction\":[{\"@type\":\"ReadAction\",\"target\":[\"https:\\\/\\\/www.musee-balzac.fr\\\/en\\\/explore-the-museum\\\/collections\\\/\"]}]},{\"@type\":\"ImageObject\",\"inLanguage\":\"en-US\",\"@id\":\"https:\\\/\\\/www.musee-balzac.fr\\\/en\\\/explore-the-museum\\\/collections\\\/#primaryimage\",\"url\":\"https:\\\/\\\/www.musee-balzac.fr\\\/wp-content\\\/uploads\\\/2021\\\/09\\\/MUSEE_collections_imprimes.jpg\",\"contentUrl\":\"https:\\\/\\\/www.musee-balzac.fr\\\/wp-content\\\/uploads\\\/2021\\\/09\\\/MUSEE_collections_imprimes.jpg\"},{\"@type\":\"BreadcrumbList\",\"@id\":\"https:\\\/\\\/www.musee-balzac.fr\\\/en\\\/explore-the-museum\\\/collections\\\/#breadcrumb\",\"itemListElement\":[{\"@type\":\"ListItem\",\"position\":1,\"name\":\"Accueil\",\"item\":\"https:\\\/\\\/www.musee-balzac.fr\\\/en\\\/\"},{\"@type\":\"ListItem\",\"position\":2,\"name\":\"Explore the Museum\",\"item\":\"https:\\\/\\\/www.musee-balzac.fr\\\/en\\\/explore-the-museum\\\/\"},{\"@type\":\"ListItem\",\"position\":3,\"name\":\"Collections\"}]},{\"@type\":\"WebSite\",\"@id\":\"https:\\\/\\\/www.musee-balzac.fr\\\/#website\",\"url\":\"https:\\\/\\\/www.musee-balzac.fr\\\/\",\"name\":\"Mus\u00e9e Balzac\",\"description\":\"\",\"publisher\":{\"@id\":\"https:\\\/\\\/www.musee-balzac.fr\\\/#organization\"},\"potentialAction\":[{\"@type\":\"SearchAction\",\"target\":{\"@type\":\"EntryPoint\",\"urlTemplate\":\"https:\\\/\\\/www.musee-balzac.fr\\\/?s={search_term_string}\"},\"query-input\":{\"@type\":\"PropertyValueSpecification\",\"valueRequired\":true,\"valueName\":\"search_term_string\"}}],\"inLanguage\":\"en-US\"},{\"@type\":\"Organization\",\"@id\":\"https:\\\/\\\/www.musee-balzac.fr\\\/#organization\",\"name\":\"Mus\u00e9e Balzac\",\"url\":\"https:\\\/\\\/www.musee-balzac.fr\\\/\",\"logo\":{\"@type\":\"ImageObject\",\"inLanguage\":\"en-US\",\"@id\":\"https:\\\/\\\/www.musee-balzac.fr\\\/#\\\/schema\\\/logo\\\/image\\\/\",\"url\":\"https:\\\/\\\/www.musee-balzac.fr\\\/wp-content\\\/uploads\\\/2017\\\/06\\\/Groupe-7253.jpg\",\"contentUrl\":\"https:\\\/\\\/www.musee-balzac.fr\\\/wp-content\\\/uploads\\\/2017\\\/06\\\/Groupe-7253.jpg\",\"width\":232,\"height\":190,\"caption\":\"Mus\u00e9e Balzac\"},\"image\":{\"@id\":\"https:\\\/\\\/www.musee-balzac.fr\\\/#\\\/schema\\\/logo\\\/image\\\/\"}}]}<\/script>\n<!-- \/ Yoast SEO plugin. -->","yoast_head_json":{"title":"Collections - Mus\u00e9e Balzac","robots":{"index":"index","follow":"follow","max-snippet":"max-snippet:-1","max-image-preview":"max-image-preview:large","max-video-preview":"max-video-preview:-1"},"canonical":"https:\/\/www.musee-balzac.fr\/en\/explore-the-museum\/collections\/","twitter_misc":{"Est. reading time":"5 minutes"},"schema":{"@context":"https:\/\/schema.org","@graph":[{"@type":"WebPage","@id":"https:\/\/www.musee-balzac.fr\/en\/explore-the-museum\/collections\/","url":"https:\/\/www.musee-balzac.fr\/en\/explore-the-museum\/collections\/","name":"Collections - Mus\u00e9e Balzac","isPartOf":{"@id":"https:\/\/www.musee-balzac.fr\/#website"},"primaryImageOfPage":{"@id":"https:\/\/www.musee-balzac.fr\/en\/explore-the-museum\/collections\/#primaryimage"},"image":{"@id":"https:\/\/www.musee-balzac.fr\/en\/explore-the-museum\/collections\/#primaryimage"},"thumbnailUrl":"https:\/\/www.musee-balzac.fr\/wp-content\/uploads\/2021\/09\/MUSEE_collections_imprimes.jpg","datePublished":"2021-09-28T10:34:39+00:00","dateModified":"2026-04-19T14:20:19+00:00","breadcrumb":{"@id":"https:\/\/www.musee-balzac.fr\/en\/explore-the-museum\/collections\/#breadcrumb"},"inLanguage":"en-US","potentialAction":[{"@type":"ReadAction","target":["https:\/\/www.musee-balzac.fr\/en\/explore-the-museum\/collections\/"]}]},{"@type":"ImageObject","inLanguage":"en-US","@id":"https:\/\/www.musee-balzac.fr\/en\/explore-the-museum\/collections\/#primaryimage","url":"https:\/\/www.musee-balzac.fr\/wp-content\/uploads\/2021\/09\/MUSEE_collections_imprimes.jpg","contentUrl":"https:\/\/www.musee-balzac.fr\/wp-content\/uploads\/2021\/09\/MUSEE_collections_imprimes.jpg"},{"@type":"BreadcrumbList","@id":"https:\/\/www.musee-balzac.fr\/en\/explore-the-museum\/collections\/#breadcrumb","itemListElement":[{"@type":"ListItem","position":1,"name":"Accueil","item":"https:\/\/www.musee-balzac.fr\/en\/"},{"@type":"ListItem","position":2,"name":"Explore the Museum","item":"https:\/\/www.musee-balzac.fr\/en\/explore-the-museum\/"},{"@type":"ListItem","position":3,"name":"Collections"}]},{"@type":"WebSite","@id":"https:\/\/www.musee-balzac.fr\/#website","url":"https:\/\/www.musee-balzac.fr\/","name":"Mus\u00e9e Balzac","description":"","publisher":{"@id":"https:\/\/www.musee-balzac.fr\/#organization"},"potentialAction":[{"@type":"SearchAction","target":{"@type":"EntryPoint","urlTemplate":"https:\/\/www.musee-balzac.fr\/?s={search_term_string}"},"query-input":{"@type":"PropertyValueSpecification","valueRequired":true,"valueName":"search_term_string"}}],"inLanguage":"en-US"},{"@type":"Organization","@id":"https:\/\/www.musee-balzac.fr\/#organization","name":"Mus\u00e9e Balzac","url":"https:\/\/www.musee-balzac.fr\/","logo":{"@type":"ImageObject","inLanguage":"en-US","@id":"https:\/\/www.musee-balzac.fr\/#\/schema\/logo\/image\/","url":"https:\/\/www.musee-balzac.fr\/wp-content\/uploads\/2017\/06\/Groupe-7253.jpg","contentUrl":"https:\/\/www.musee-balzac.fr\/wp-content\/uploads\/2017\/06\/Groupe-7253.jpg","width":232,"height":190,"caption":"Mus\u00e9e Balzac"},"image":{"@id":"https:\/\/www.musee-balzac.fr\/#\/schema\/logo\/image\/"}}]}},"_links":{"self":[{"href":"https:\/\/www.musee-balzac.fr\/en\/wp-json\/wp\/v2\/pages\/18824","targetHints":{"allow":["GET"]}}],"collection":[{"href":"https:\/\/www.musee-balzac.fr\/en\/wp-json\/wp\/v2\/pages"}],"about":[{"href":"https:\/\/www.musee-balzac.fr\/en\/wp-json\/wp\/v2\/types\/page"}],"author":[{"embeddable":true,"href":"https:\/\/www.musee-balzac.fr\/en\/wp-json\/wp\/v2\/users\/10"}],"replies":[{"embeddable":true,"href":"https:\/\/www.musee-balzac.fr\/en\/wp-json\/wp\/v2\/comments?post=18824"}],"version-history":[{"count":5,"href":"https:\/\/www.musee-balzac.fr\/en\/wp-json\/wp\/v2\/pages\/18824\/revisions"}],"predecessor-version":[{"id":25867,"href":"https:\/\/www.musee-balzac.fr\/en\/wp-json\/wp\/v2\/pages\/18824\/revisions\/25867"}],"up":[{"embeddable":true,"href":"https:\/\/www.musee-balzac.fr\/en\/wp-json\/wp\/v2\/pages\/17740"}],"wp:attachment":[{"href":"https:\/\/www.musee-balzac.fr\/en\/wp-json\/wp\/v2\/media?parent=18824"}],"curies":[{"name":"wp","href":"https:\/\/api.w.org\/{rel}","templated":true}]}}