{"id":18829,"date":"2021-09-23T18:15:09","date_gmt":"2021-09-23T16:15:09","guid":{"rendered":"https:\/\/www.musee-balzac.fr\/visite-famille\/"},"modified":"2025-01-16T12:55:34","modified_gmt":"2025-01-16T11:55:34","slug":"families","status":"publish","type":"page","link":"https:\/\/www.musee-balzac.fr\/en\/visit\/offers\/families\/","title":{"rendered":"Families"},"content":{"rendered":"<div id=\"pl-18829\"  class=\"panel-layout\" ><div id=\"pg-18829-0\"  class=\"panel-grid panel-no-style\" ><div id=\"pgc-18829-0-0\"  class=\"panel-grid-cell\" ><div id=\"panel-18829-0-0-0\" class=\"so-panel widget widget_sow-editor panel-first-child panel-last-child\" data-index=\"0\" ><div\n\t\t\t\n\t\t\tclass=\"so-widget-sow-editor so-widget-sow-editor-base\"\n\t\t\t\n\t\t>\n<div class=\"siteorigin-widget-tinymce textwidget\">\n\t<h1 style=\"margin-top: 0cm; text-align: center; line-height: normal;\" align=\"center\">Plan your family trip to the Balzac Museum<\/h1>\n<p style=\"text-align: center;\">The Balzac Museum has signed the M\u00f4m'Art charter! We're proud to join the \"mus\u00e9es joyeux\" family-friendly museums!<\/p>\n<\/div>\n<\/div><\/div><\/div><\/div><div id=\"pg-18829-1\"  class=\"panel-grid panel-no-style\" ><div id=\"pgc-18829-1-0\"  class=\"panel-grid-cell\" ><div id=\"panel-18829-1-0-0\" class=\"so-panel widget widget_sow-editor panel-first-child panel-last-child\" data-index=\"1\" ><div class=\"image_gauche animation_gauche_droite panel-widget-style panel-widget-style-for-18829-1-0-0\" ><div\n\t\t\t\n\t\t\tclass=\"so-widget-sow-editor so-widget-sow-editor-base\"\n\t\t\t\n\t\t>\n<div class=\"siteorigin-widget-tinymce textwidget\">\n\t<p><img loading=\"lazy\" decoding=\"async\" class=\"alignnone wp-image-20200\" src=\"http:\/\/www.musee-balzac.fr\/wp-content\/uploads\/2022\/04\/Mistigris_chateau_sache-1024x722.jpg\" alt=\"\" width=\"618\" height=\"436\" srcset=\"https:\/\/www.musee-balzac.fr\/wp-content\/uploads\/2022\/04\/Mistigris_chateau_sache-1024x722.jpg 1024w, https:\/\/www.musee-balzac.fr\/wp-content\/uploads\/2022\/04\/Mistigris_chateau_sache-300x212.jpg 300w, https:\/\/www.musee-balzac.fr\/wp-content\/uploads\/2022\/04\/Mistigris_chateau_sache-219x156.jpg 219w, https:\/\/www.musee-balzac.fr\/wp-content\/uploads\/2022\/04\/Mistigris_chateau_sache.jpg 1282w\" sizes=\"auto, (max-width: 618px) 100vw, 618px\" \/><br \/>\n<em>Mistigris at Ch\u00e2teau de Sach\u00e9<\/em> \u00a9 drawing by Camille Carreau, 2022.<\/p>\n<p>&nbsp;<\/p>\n<\/div>\n<\/div><\/div><\/div><\/div><div id=\"pgc-18829-1-1\"  class=\"panel-grid-cell\" ><div id=\"panel-18829-1-1-0\" class=\"so-panel widget widget_sow-editor panel-first-child panel-last-child\" data-index=\"2\" ><div class=\"tarif panel-widget-style panel-widget-style-for-18829-1-1-0\" ><div\n\t\t\t\n\t\t\tclass=\"so-widget-sow-editor so-widget-sow-editor-base\"\n\t\t\t\n\t\t>\n<div class=\"siteorigin-widget-tinymce textwidget\">\n\t<div class=\"h1-like\">Unaccompanied tour<\/div>\n<div>\n<p>&nbsp;<\/p>\n<h3>\"Mistigris\" CARD<\/h3>\n<p>The Balzac Museum provides a card in english with fun-filled trail for children (4-12 years old) to discover the interiors of the museum (card included in admission fee - available in French and English).<\/p>\n<blockquote>\n<p><a href=\"http:\/\/www.musee-balzac.fr\/wp-content\/uploads\/2022\/04\/Card_Mistigris_Balzac_Museum_EN_bd.pdf\" target=\"_blank\" rel=\"noopener\">&gt;&gt; Download the card in english of kids<\/a> (PDF, 450 Ko)<\/p>\n<\/blockquote>\n<p>&nbsp;<\/p>\n<\/div>\n<\/div>\n<\/div><\/div><\/div><\/div><\/div><div id=\"pg-18829-2\"  class=\"panel-grid panel-has-style\" ><div class=\"texte_blanc siteorigin-panels-stretch panel-row-style panel-row-style-for-18829-2\" data-stretch-type=\"full\" ><div id=\"pgc-18829-2-0\"  class=\"panel-grid-cell\" ><div id=\"panel-18829-2-0-0\" class=\"so-panel widget widget_sow-editor panel-first-child panel-last-child\" data-index=\"3\" ><div class=\"tarif panel-widget-style panel-widget-style-for-18829-2-0-0\" ><div\n\t\t\t\n\t\t\tclass=\"so-widget-sow-editor so-widget-sow-editor-base\"\n\t\t\t\n\t\t>\n<div class=\"siteorigin-widget-tinymce textwidget\">\n\t<div class=\"h1-like\">Family events<\/div>\n<p>There are lots of children's activities over half-term: sculpture workshops, printing workshops, music workshops, Mistigris tales etc. Please see the schedule to see what's on when you plan to visit (only in French).<\/p>\n<div class=\"btn_orange\"><\/div>\n<\/div>\n<\/div><\/div><\/div><\/div><div id=\"pgc-18829-2-1\"  class=\"panel-grid-cell\" ><div id=\"panel-18829-2-1-0\" class=\"so-panel widget widget_sow-editor panel-first-child panel-last-child\" data-index=\"4\" ><div class=\"animation_droite_gauche panel-widget-style panel-widget-style-for-18829-2-1-0\" ><div\n\t\t\t\n\t\t\tclass=\"so-widget-sow-editor so-widget-sow-editor-base\"\n\t\t\t\n\t\t>\n<div class=\"siteorigin-widget-tinymce textwidget\">\n\t<p><img loading=\"lazy\" decoding=\"async\" class=\"alignnone size-full wp-image-17409\" src=\"https:\/\/www.musee-balzac.fr\/wp-content\/uploads\/2021\/09\/VISITE_famille_atelier_modelage.jpg\" alt=\"\" width=\"1632\" height=\"1224\" srcset=\"https:\/\/www.musee-balzac.fr\/wp-content\/uploads\/2021\/09\/VISITE_famille_atelier_modelage.jpg 1632w, https:\/\/www.musee-balzac.fr\/wp-content\/uploads\/2021\/09\/VISITE_famille_atelier_modelage-300x225.jpg 300w, https:\/\/www.musee-balzac.fr\/wp-content\/uploads\/2021\/09\/VISITE_famille_atelier_modelage-1024x768.jpg 1024w, https:\/\/www.musee-balzac.fr\/wp-content\/uploads\/2021\/09\/VISITE_famille_atelier_modelage-1536x1152.jpg 1536w, https:\/\/www.musee-balzac.fr\/wp-content\/uploads\/2021\/09\/VISITE_famille_atelier_modelage-1320x990.jpg 1320w\" sizes=\"auto, (max-width: 1632px) 100vw, 1632px\" \/><\/p>\n<p>Balzac Museum sculpture workshop.<\/p>\n<p>&nbsp;<\/p>\n<\/div>\n<\/div><\/div><\/div><\/div><\/div><\/div><div id=\"pg-18829-3\"  class=\"panel-grid panel-no-style\" ><div id=\"pgc-18829-3-0\"  class=\"panel-grid-cell\" ><div id=\"panel-18829-3-0-0\" class=\"so-panel widget widget_sow-editor panel-first-child panel-last-child\" data-index=\"5\" ><div class=\"image_gauche animation_gauche_droite panel-widget-style panel-widget-style-for-18829-3-0-0\" ><div\n\t\t\t\n\t\t\tclass=\"so-widget-sow-editor so-widget-sow-editor-base\"\n\t\t\t\n\t\t>\n<div class=\"siteorigin-widget-tinymce textwidget\">\n\t<p><img loading=\"lazy\" decoding=\"async\" class=\"alignnone size-full wp-image-17429\" src=\"https:\/\/www.musee-balzac.fr\/wp-content\/uploads\/2021\/09\/VISITE_famille_mistigris.jpg\" alt=\"\" width=\"876\" height=\"876\" srcset=\"https:\/\/www.musee-balzac.fr\/wp-content\/uploads\/2021\/09\/VISITE_famille_mistigris.jpg 876w, https:\/\/www.musee-balzac.fr\/wp-content\/uploads\/2021\/09\/VISITE_famille_mistigris-300x300.jpg 300w, https:\/\/www.musee-balzac.fr\/wp-content\/uploads\/2021\/09\/VISITE_famille_mistigris-150x150.jpg 150w\" sizes=\"auto, (max-width: 876px) 100vw, 876px\" \/><\/p>\n<p>Carreau, I. Lamy, <em>Mistigris et Monsieur de Balzac<\/em>, published by les mille univers, 2018.<\/p>\n<\/div>\n<\/div><\/div><\/div><\/div><div id=\"pgc-18829-3-1\"  class=\"panel-grid-cell\" ><div id=\"panel-18829-3-1-0\" class=\"so-panel widget widget_sow-editor panel-first-child panel-last-child\" data-index=\"6\" ><div class=\"tarif panel-widget-style panel-widget-style-for-18829-3-1-0\" ><div\n\t\t\t\n\t\t\tclass=\"so-widget-sow-editor so-widget-sow-editor-base\"\n\t\t\t\n\t\t>\n<div class=\"siteorigin-widget-tinymce textwidget\">\n\t<div class=\"h1-like\">Children's ressources<\/div>\n<div>\n<p>Give little ones (4-7 years old) an insight into Balzac's world with Mistigris et Monsieur de Balzac (Camille Carreau, Isabelle Lamy, published by les mille univers, Les belles histoires du p\u00e8re Casserole collection, 2018, 32 pages, 14.30 \u20ac). It brings Madame Vauquer's little cat to Ch\u00e2teau de Sach\u00e9 when Balzac was here to write <em>Father Goriot<\/em> (available to buy at the Balzac Museum gift shop and any bookshop. In French).<\/p>\n<p>The Balzac Museum has created different resources to provide a playful introduction to Balzac's work and explore Ch\u00e2teau de Sach\u00e9 with children: \"Where is Mistigris?\" virtual tour or short family-friendly videos about Balzac, his work and Sach\u00e9 available for free on <strong><a href=\"https:\/\/www.youtube.com\/channel\/UCH6rBWWRER1c9gZivYLFgRQ\" target=\"_blank\" rel=\"noopener\">our Youtube channel<\/a><\/strong>.<\/p>\n<\/div>\n<\/div>\n<\/div><\/div><\/div><\/div><\/div><\/div>","protected":false},"excerpt":{"rendered":"<p>Plan your family trip to the Balzac Museum The Balzac Museum has signed the M\u00f4m&#8217;Art charter! We&#8217;re proud to join the &#8220;mus\u00e9es joyeux&#8221; family-friendly museums! Mistigris at Ch\u00e2teau de [&hellip;]<\/p>\n","protected":false},"author":10,"featured_media":0,"parent":18830,"menu_order":21,"comment_status":"closed","ping_status":"closed","template":"","meta":{"inline_featured_image":false,"footnotes":""},"class_list":["post-18829","page","type-page","status-publish","hentry"],"yoast_head":"<!-- This site is optimized with the Yoast SEO plugin v27.5 - https:\/\/yoast.com\/product\/yoast-seo-wordpress\/ -->\n<title>Mus\u00e9e Balzac - Un mus\u00e9e id\u00e9al pour la visite en famille<\/title>\n<meta name=\"description\" content=\"Le mus\u00e9e Balzac a sign\u00e9 la charte M\u00f4m&#039;Art. Nous sommes fiers de faire partie des &quot;mus\u00e9es joyeux&quot; adapt\u00e9s \u00e0 une visite en famille.\" \/>\n<meta name=\"robots\" content=\"index, follow, max-snippet:-1, max-image-preview:large, max-video-preview:-1\" \/>\n<link rel=\"canonical\" href=\"https:\/\/www.musee-balzac.fr\/en\/visit\/offers\/families\/\" \/>\n<meta name=\"twitter:label1\" content=\"Est. reading time\" \/>\n\t<meta name=\"twitter:data1\" content=\"3 minutes\" \/>\n<script type=\"application\/ld+json\" class=\"yoast-schema-graph\">{\"@context\":\"https:\\\/\\\/schema.org\",\"@graph\":[{\"@type\":\"WebPage\",\"@id\":\"https:\\\/\\\/www.musee-balzac.fr\\\/en\\\/visit\\\/offers\\\/families\\\/\",\"url\":\"https:\\\/\\\/www.musee-balzac.fr\\\/en\\\/visit\\\/offers\\\/families\\\/\",\"name\":\"Mus\u00e9e Balzac - Un mus\u00e9e id\u00e9al pour la visite en famille\",\"isPartOf\":{\"@id\":\"https:\\\/\\\/www.musee-balzac.fr\\\/#website\"},\"primaryImageOfPage\":{\"@id\":\"https:\\\/\\\/www.musee-balzac.fr\\\/en\\\/visit\\\/offers\\\/families\\\/#primaryimage\"},\"image\":{\"@id\":\"https:\\\/\\\/www.musee-balzac.fr\\\/en\\\/visit\\\/offers\\\/families\\\/#primaryimage\"},\"thumbnailUrl\":\"http:\\\/\\\/www.musee-balzac.fr\\\/wp-content\\\/uploads\\\/2022\\\/04\\\/Mistigris_chateau_sache-1024x722.jpg\",\"datePublished\":\"2021-09-23T16:15:09+00:00\",\"dateModified\":\"2025-01-16T11:55:34+00:00\",\"description\":\"Le mus\u00e9e Balzac a sign\u00e9 la charte M\u00f4m'Art. Nous sommes fiers de faire partie des \\\"mus\u00e9es joyeux\\\" adapt\u00e9s \u00e0 une visite en famille.\",\"breadcrumb\":{\"@id\":\"https:\\\/\\\/www.musee-balzac.fr\\\/en\\\/visit\\\/offers\\\/families\\\/#breadcrumb\"},\"inLanguage\":\"en-US\",\"potentialAction\":[{\"@type\":\"ReadAction\",\"target\":[\"https:\\\/\\\/www.musee-balzac.fr\\\/en\\\/visit\\\/offers\\\/families\\\/\"]}]},{\"@type\":\"ImageObject\",\"inLanguage\":\"en-US\",\"@id\":\"https:\\\/\\\/www.musee-balzac.fr\\\/en\\\/visit\\\/offers\\\/families\\\/#primaryimage\",\"url\":\"http:\\\/\\\/www.musee-balzac.fr\\\/wp-content\\\/uploads\\\/2022\\\/04\\\/Mistigris_chateau_sache-1024x722.jpg\",\"contentUrl\":\"http:\\\/\\\/www.musee-balzac.fr\\\/wp-content\\\/uploads\\\/2022\\\/04\\\/Mistigris_chateau_sache-1024x722.jpg\"},{\"@type\":\"BreadcrumbList\",\"@id\":\"https:\\\/\\\/www.musee-balzac.fr\\\/en\\\/visit\\\/offers\\\/families\\\/#breadcrumb\",\"itemListElement\":[{\"@type\":\"ListItem\",\"position\":1,\"name\":\"Accueil\",\"item\":\"https:\\\/\\\/www.musee-balzac.fr\\\/en\\\/\"},{\"@type\":\"ListItem\",\"position\":2,\"name\":\"Balzac Museum Visit\",\"item\":\"https:\\\/\\\/www.musee-balzac.fr\\\/en\\\/visit\\\/\"},{\"@type\":\"ListItem\",\"position\":3,\"name\":\"Visits offer\",\"item\":\"https:\\\/\\\/www.musee-balzac.fr\\\/en\\\/visit\\\/offers\\\/\"},{\"@type\":\"ListItem\",\"position\":4,\"name\":\"Families\"}]},{\"@type\":\"WebSite\",\"@id\":\"https:\\\/\\\/www.musee-balzac.fr\\\/#website\",\"url\":\"https:\\\/\\\/www.musee-balzac.fr\\\/\",\"name\":\"Mus\u00e9e Balzac\",\"description\":\"\",\"publisher\":{\"@id\":\"https:\\\/\\\/www.musee-balzac.fr\\\/#organization\"},\"potentialAction\":[{\"@type\":\"SearchAction\",\"target\":{\"@type\":\"EntryPoint\",\"urlTemplate\":\"https:\\\/\\\/www.musee-balzac.fr\\\/?s={search_term_string}\"},\"query-input\":{\"@type\":\"PropertyValueSpecification\",\"valueRequired\":true,\"valueName\":\"search_term_string\"}}],\"inLanguage\":\"en-US\"},{\"@type\":\"Organization\",\"@id\":\"https:\\\/\\\/www.musee-balzac.fr\\\/#organization\",\"name\":\"Mus\u00e9e Balzac\",\"url\":\"https:\\\/\\\/www.musee-balzac.fr\\\/\",\"logo\":{\"@type\":\"ImageObject\",\"inLanguage\":\"en-US\",\"@id\":\"https:\\\/\\\/www.musee-balzac.fr\\\/#\\\/schema\\\/logo\\\/image\\\/\",\"url\":\"https:\\\/\\\/www.musee-balzac.fr\\\/wp-content\\\/uploads\\\/2017\\\/06\\\/Groupe-7253.jpg\",\"contentUrl\":\"https:\\\/\\\/www.musee-balzac.fr\\\/wp-content\\\/uploads\\\/2017\\\/06\\\/Groupe-7253.jpg\",\"width\":232,\"height\":190,\"caption\":\"Mus\u00e9e Balzac\"},\"image\":{\"@id\":\"https:\\\/\\\/www.musee-balzac.fr\\\/#\\\/schema\\\/logo\\\/image\\\/\"}}]}<\/script>\n<!-- \/ Yoast SEO plugin. -->","yoast_head_json":{"title":"Mus\u00e9e Balzac - Un mus\u00e9e id\u00e9al pour la visite en famille","description":"Le mus\u00e9e Balzac a sign\u00e9 la charte M\u00f4m'Art. Nous sommes fiers de faire partie des \"mus\u00e9es joyeux\" adapt\u00e9s \u00e0 une visite en famille.","robots":{"index":"index","follow":"follow","max-snippet":"max-snippet:-1","max-image-preview":"max-image-preview:large","max-video-preview":"max-video-preview:-1"},"canonical":"https:\/\/www.musee-balzac.fr\/en\/visit\/offers\/families\/","twitter_misc":{"Est. reading time":"3 minutes"},"schema":{"@context":"https:\/\/schema.org","@graph":[{"@type":"WebPage","@id":"https:\/\/www.musee-balzac.fr\/en\/visit\/offers\/families\/","url":"https:\/\/www.musee-balzac.fr\/en\/visit\/offers\/families\/","name":"Mus\u00e9e Balzac - Un mus\u00e9e id\u00e9al pour la visite en famille","isPartOf":{"@id":"https:\/\/www.musee-balzac.fr\/#website"},"primaryImageOfPage":{"@id":"https:\/\/www.musee-balzac.fr\/en\/visit\/offers\/families\/#primaryimage"},"image":{"@id":"https:\/\/www.musee-balzac.fr\/en\/visit\/offers\/families\/#primaryimage"},"thumbnailUrl":"http:\/\/www.musee-balzac.fr\/wp-content\/uploads\/2022\/04\/Mistigris_chateau_sache-1024x722.jpg","datePublished":"2021-09-23T16:15:09+00:00","dateModified":"2025-01-16T11:55:34+00:00","description":"Le mus\u00e9e Balzac a sign\u00e9 la charte M\u00f4m'Art. Nous sommes fiers de faire partie des \"mus\u00e9es joyeux\" adapt\u00e9s \u00e0 une visite en famille.","breadcrumb":{"@id":"https:\/\/www.musee-balzac.fr\/en\/visit\/offers\/families\/#breadcrumb"},"inLanguage":"en-US","potentialAction":[{"@type":"ReadAction","target":["https:\/\/www.musee-balzac.fr\/en\/visit\/offers\/families\/"]}]},{"@type":"ImageObject","inLanguage":"en-US","@id":"https:\/\/www.musee-balzac.fr\/en\/visit\/offers\/families\/#primaryimage","url":"http:\/\/www.musee-balzac.fr\/wp-content\/uploads\/2022\/04\/Mistigris_chateau_sache-1024x722.jpg","contentUrl":"http:\/\/www.musee-balzac.fr\/wp-content\/uploads\/2022\/04\/Mistigris_chateau_sache-1024x722.jpg"},{"@type":"BreadcrumbList","@id":"https:\/\/www.musee-balzac.fr\/en\/visit\/offers\/families\/#breadcrumb","itemListElement":[{"@type":"ListItem","position":1,"name":"Accueil","item":"https:\/\/www.musee-balzac.fr\/en\/"},{"@type":"ListItem","position":2,"name":"Balzac Museum Visit","item":"https:\/\/www.musee-balzac.fr\/en\/visit\/"},{"@type":"ListItem","position":3,"name":"Visits offer","item":"https:\/\/www.musee-balzac.fr\/en\/visit\/offers\/"},{"@type":"ListItem","position":4,"name":"Families"}]},{"@type":"WebSite","@id":"https:\/\/www.musee-balzac.fr\/#website","url":"https:\/\/www.musee-balzac.fr\/","name":"Mus\u00e9e Balzac","description":"","publisher":{"@id":"https:\/\/www.musee-balzac.fr\/#organization"},"potentialAction":[{"@type":"SearchAction","target":{"@type":"EntryPoint","urlTemplate":"https:\/\/www.musee-balzac.fr\/?s={search_term_string}"},"query-input":{"@type":"PropertyValueSpecification","valueRequired":true,"valueName":"search_term_string"}}],"inLanguage":"en-US"},{"@type":"Organization","@id":"https:\/\/www.musee-balzac.fr\/#organization","name":"Mus\u00e9e Balzac","url":"https:\/\/www.musee-balzac.fr\/","logo":{"@type":"ImageObject","inLanguage":"en-US","@id":"https:\/\/www.musee-balzac.fr\/#\/schema\/logo\/image\/","url":"https:\/\/www.musee-balzac.fr\/wp-content\/uploads\/2017\/06\/Groupe-7253.jpg","contentUrl":"https:\/\/www.musee-balzac.fr\/wp-content\/uploads\/2017\/06\/Groupe-7253.jpg","width":232,"height":190,"caption":"Mus\u00e9e Balzac"},"image":{"@id":"https:\/\/www.musee-balzac.fr\/#\/schema\/logo\/image\/"}}]}},"_links":{"self":[{"href":"https:\/\/www.musee-balzac.fr\/en\/wp-json\/wp\/v2\/pages\/18829","targetHints":{"allow":["GET"]}}],"collection":[{"href":"https:\/\/www.musee-balzac.fr\/en\/wp-json\/wp\/v2\/pages"}],"about":[{"href":"https:\/\/www.musee-balzac.fr\/en\/wp-json\/wp\/v2\/types\/page"}],"author":[{"embeddable":true,"href":"https:\/\/www.musee-balzac.fr\/en\/wp-json\/wp\/v2\/users\/10"}],"replies":[{"embeddable":true,"href":"https:\/\/www.musee-balzac.fr\/en\/wp-json\/wp\/v2\/comments?post=18829"}],"version-history":[{"count":6,"href":"https:\/\/www.musee-balzac.fr\/en\/wp-json\/wp\/v2\/pages\/18829\/revisions"}],"predecessor-version":[{"id":24255,"href":"https:\/\/www.musee-balzac.fr\/en\/wp-json\/wp\/v2\/pages\/18829\/revisions\/24255"}],"up":[{"embeddable":true,"href":"https:\/\/www.musee-balzac.fr\/en\/wp-json\/wp\/v2\/pages\/18830"}],"wp:attachment":[{"href":"https:\/\/www.musee-balzac.fr\/en\/wp-json\/wp\/v2\/media?parent=18829"}],"curies":[{"name":"wp","href":"https:\/\/api.w.org\/{rel}","templated":true}]}}