{"id":18834,"date":"2021-07-20T11:30:55","date_gmt":"2021-07-20T09:30:55","guid":{"rendered":"https:\/\/www.musee-balzac.fr\/la-visite\/"},"modified":"2023-06-15T16:16:46","modified_gmt":"2023-06-15T14:16:46","slug":"visit","status":"publish","type":"page","link":"https:\/\/www.musee-balzac.fr\/en\/visit\/","title":{"rendered":"Balzac Museum Visit"},"content":{"rendered":"<div id=\"pl-18834\"  class=\"panel-layout\" ><div id=\"pg-18834-0\"  class=\"panel-grid panel-no-style\" ><div id=\"pgc-18834-0-0\"  class=\"panel-grid-cell panel-grid-cell-empty\" ><\/div><\/div><div id=\"pg-18834-1\"  class=\"panel-grid panel-no-style\" ><div id=\"pgc-18834-1-0\"  class=\"panel-grid-cell\" ><div id=\"panel-18834-1-0-0\" class=\"so-panel widget widget_sow-editor panel-first-child panel-last-child\" data-index=\"0\" ><div\n\t\t\t\n\t\t\tclass=\"so-widget-sow-editor so-widget-sow-editor-base\"\n\t\t\t\n\t\t>\n<div class=\"siteorigin-widget-tinymce textwidget\">\n\t<h2>Plan your visit<\/h2>\n<p>There are lots of different ways to visit the Balzac Musuem including guided tours and experiences for different audiences (general public, family, schools, groups). This section contains full information about visiting the museum as well as useful information (opening times, prices, how to get here and accessibility), services provided by the museum and a few suggestions to visit other Balzac sites in the Touraine region.<\/p>\n<p>&nbsp;<\/p>\n<\/div>\n<\/div><\/div><\/div><\/div><div id=\"pg-18834-2\"  class=\"panel-grid panel-no-style\" ><div id=\"pgc-18834-2-0\"  class=\"panel-grid-cell\" ><div id=\"panel-18834-2-0-0\" class=\"so-panel widget widget_encart-text-img-link panel-first-child panel-last-child\" data-index=\"1\" ><div class=\"animation_gauche_droite panel-widget-style panel-widget-style-for-18834-2-0-0\" ><div\n\t\t\t\n\t\t\tclass=\"so-widget-encart-text-img-link so-widget-encart-text-img-link-base\"\n\t\t\t\n\t\t><div class=\"etil-block-container\">\n    <a href=\"https:\/\/www.musee-balzac.fr\/la-visite\/offre-de-visite\/\" class=\"etil-block-link\" title=\"\">\t<img decoding=\"async\" class=\"etil-img\" src=\"https:\/\/www.musee-balzac.fr\/wp-content\/uploads\/2021\/07\/Groupe-de-masques-28.jpg\" alt=\"\" \/>\n        <div class=\"etil-block-text\">\n            <p><img loading=\"lazy\" decoding=\"async\" class=\"alignnone size-full wp-image-17014 aligncenter\" src=\"https:\/\/www.musee-balzac.fr\/wp-content\/uploads\/2021\/07\/Groupe-7292.png\" alt=\"\" width=\"70\" height=\"78\" \/><\/p>\n<p style=\"text-align: center\">Visits offer<\/p>\n        <\/div>\n    <\/a>        \n<\/div>\n<\/div><\/div><\/div><\/div><div id=\"pgc-18834-2-1\"  class=\"panel-grid-cell\" ><div id=\"panel-18834-2-1-0\" class=\"so-panel widget widget_encart-text-img-link panel-first-child panel-last-child\" data-index=\"2\" ><div\n\t\t\t\n\t\t\tclass=\"so-widget-encart-text-img-link so-widget-encart-text-img-link-base\"\n\t\t\t\n\t\t><div class=\"etil-block-container\">\n    <a href=\"https:\/\/www.musee-balzac.fr\/en\/visit\/useful-informations\/\" class=\"etil-block-link\" title=\"\">\t<img decoding=\"async\" class=\"etil-img\" src=\"https:\/\/www.musee-balzac.fr\/wp-content\/uploads\/2021\/07\/Groupe-de-masques-30-2.jpg\" alt=\"\" \/>\n        <div class=\"etil-block-text\">\n            <p><img loading=\"lazy\" decoding=\"async\" class=\"alignnone size-full wp-image-17016 aligncenter\" src=\"https:\/\/www.musee-balzac.fr\/wp-content\/uploads\/2021\/07\/location.png\" alt=\"\" width=\"78\" height=\"78\" \/><\/p>\n<p style=\"text-align: center\">Useful informations<\/p>\n        <\/div>\n    <\/a>        \n<\/div>\n<\/div><\/div><\/div><div id=\"pgc-18834-2-2\"  class=\"panel-grid-cell\" ><div id=\"panel-18834-2-2-0\" class=\"so-panel widget widget_encart-text-img-link panel-first-child panel-last-child\" data-index=\"3\" ><div class=\"animation_droite_gauche panel-widget-style panel-widget-style-for-18834-2-2-0\" ><div\n\t\t\t\n\t\t\tclass=\"so-widget-encart-text-img-link so-widget-encart-text-img-link-base\"\n\t\t\t\n\t\t><div class=\"etil-block-container\">\n    <a href=\"https:\/\/www.musee-balzac.fr\/la-visite\/services-accessibilite\/\" class=\"etil-block-link\" title=\"\">\t<img decoding=\"async\" class=\"etil-img\" src=\"https:\/\/www.musee-balzac.fr\/wp-content\/uploads\/2021\/07\/Groupe-de-masques-69-1.jpg\" alt=\"\" \/>\n        <div class=\"etil-block-text\">\n            <p><img loading=\"lazy\" decoding=\"async\" class=\"alignnone size-full wp-image-17216 aligncenter\" src=\"https:\/\/www.musee-balzac.fr\/wp-content\/uploads\/2021\/07\/Groupe-7557.png\" alt=\"\" width=\"79\" height=\"79\" \/><\/p>\n<p style=\"text-align: center\">Services &amp; accessibility<\/p>\n        <\/div>\n    <\/a>        \n<\/div>\n<\/div><\/div><\/div><\/div><\/div><div id=\"pg-18834-3\"  class=\"panel-grid panel-no-style\" ><div id=\"pgc-18834-3-0\"  class=\"panel-grid-cell\" ><div id=\"panel-18834-3-0-0\" class=\"so-panel widget widget_encart-text-img-link panel-first-child panel-last-child\" data-index=\"4\" ><div\n\t\t\t\n\t\t\tclass=\"so-widget-encart-text-img-link so-widget-encart-text-img-link-base\"\n\t\t\t\n\t\t><div class=\"etil-block-container\">\n    <a href=\"https:\/\/www.musee-balzac.fr\/en\/visit\/welcome-information\/\" class=\"etil-block-link\" title=\"\">\t<img decoding=\"async\" class=\"etil-img\" src=\"https:\/\/www.musee-balzac.fr\/wp-content\/uploads\/2021\/10\/Conditions-daccueil.jpg\" alt=\"\" \/>\n        <div class=\"etil-block-text\">\n            <p><img loading=\"lazy\" decoding=\"async\" class=\"size-full wp-image-17171 aligncenter\" src=\"https:\/\/www.musee-balzac.fr\/wp-content\/uploads\/2021\/07\/timeline.png\" alt=\"\" width=\"83\" height=\"72\" \/><\/p>\n<p style=\"text-align: center\">Welcome information<\/p>\n        <\/div>\n    <\/a>        \n<\/div>\n<\/div><\/div><\/div><div id=\"pgc-18834-3-1\"  class=\"panel-grid-cell\" ><div id=\"panel-18834-3-1-0\" class=\"so-panel widget widget_encart-text-img-link panel-first-child panel-last-child\" data-index=\"5\" ><div\n\t\t\t\n\t\t\tclass=\"so-widget-encart-text-img-link so-widget-encart-text-img-link-base\"\n\t\t\t\n\t\t><div class=\"etil-block-container\">\n    <a href=\"https:\/\/www.musee-balzac.fr\/contact\/\" class=\"etil-block-link\" title=\"\">\t<img decoding=\"async\" class=\"etil-img\" src=\"https:\/\/www.musee-balzac.fr\/wp-content\/uploads\/2021\/07\/Groupe-de-masques-69-1.jpg\" alt=\"\" \/>\n        <div class=\"etil-block-text\">\n            <p><img loading=\"lazy\" decoding=\"async\" class=\"size-full wp-image-17169 aligncenter\" src=\"https:\/\/www.musee-balzac.fr\/wp-content\/uploads\/2021\/07\/Page-1.png\" alt=\"\" width=\"63\" height=\"63\" \/><\/p>\n<p style=\"text-align: center\">Contact<\/p>\n        <\/div>\n    <\/a>        \n<\/div>\n<\/div><\/div><\/div><div id=\"pgc-18834-3-2\"  class=\"panel-grid-cell\" ><div id=\"panel-18834-3-2-0\" class=\"so-panel widget widget_encart-text-img-link panel-first-child panel-last-child\" data-index=\"6\" ><div\n\t\t\t\n\t\t\tclass=\"so-widget-encart-text-img-link so-widget-encart-text-img-link-base\"\n\t\t\t\n\t\t><div class=\"etil-block-container\">\n    <a href=\"https:\/\/www.musee-balzac.fr\/en\/visit\/your-stay\/\" class=\"etil-block-link\" title=\"\">\t<img decoding=\"async\" class=\"etil-img\" src=\"https:\/\/www.musee-balzac.fr\/wp-content\/uploads\/2021\/07\/Groupe-de-masques-71.jpg\" alt=\"\" \/>\n        <div class=\"etil-block-text\">\n            <p><img loading=\"lazy\" decoding=\"async\" class=\"alignnone size-full wp-image-17012 aligncenter\" src=\"https:\/\/www.musee-balzac.fr\/wp-content\/uploads\/2021\/07\/backpack.png\" alt=\"\" width=\"75\" height=\"78\" \/><\/p>\n<p style=\"text-align: center\">Your stay<\/p>\n        <\/div>\n    <\/a>        \n<\/div>\n<\/div><\/div><\/div><\/div><\/div>","protected":false},"excerpt":{"rendered":"<p>Plan your visit There are lots of different ways to visit the Balzac Musuem including guided tours and experiences for different audiences (general public, family, schools, groups). This section [&hellip;]<\/p>\n","protected":false},"author":4,"featured_media":0,"parent":0,"menu_order":16,"comment_status":"closed","ping_status":"closed","template":"","meta":{"inline_featured_image":false,"footnotes":""},"class_list":["post-18834","page","type-page","status-publish","hentry"],"yoast_head":"<!-- This site is optimized with the Yoast SEO plugin v27.5 - https:\/\/yoast.com\/product\/yoast-seo-wordpress\/ -->\n<title>Mus\u00e9e Balzac - La visite du mus\u00e9e Balzac, d\u00e9couvrez toutes nos offres<\/title>\n<meta name=\"description\" content=\"Nous vous proposons des offre de visites libres ou guid\u00e9es ainsi que des activit\u00e9s de m\u00e9diation adapt\u00e9es aux familles, scolaires et groupes\" \/>\n<meta name=\"robots\" content=\"index, follow, max-snippet:-1, max-image-preview:large, max-video-preview:-1\" \/>\n<link rel=\"canonical\" href=\"https:\/\/www.musee-balzac.fr\/en\/visit\/\" \/>\n<meta name=\"twitter:label1\" content=\"Est. reading time\" \/>\n\t<meta name=\"twitter:data1\" content=\"1 minute\" \/>\n<script type=\"application\/ld+json\" class=\"yoast-schema-graph\">{\"@context\":\"https:\\\/\\\/schema.org\",\"@graph\":[{\"@type\":\"WebPage\",\"@id\":\"https:\\\/\\\/www.musee-balzac.fr\\\/en\\\/visit\\\/\",\"url\":\"https:\\\/\\\/www.musee-balzac.fr\\\/en\\\/visit\\\/\",\"name\":\"Mus\u00e9e Balzac - La visite du mus\u00e9e Balzac, d\u00e9couvrez toutes nos offres\",\"isPartOf\":{\"@id\":\"https:\\\/\\\/www.musee-balzac.fr\\\/#website\"},\"datePublished\":\"2021-07-20T09:30:55+00:00\",\"dateModified\":\"2023-06-15T14:16:46+00:00\",\"description\":\"Nous vous proposons des offre de visites libres ou guid\u00e9es ainsi que des activit\u00e9s de m\u00e9diation adapt\u00e9es aux familles, scolaires et groupes\",\"breadcrumb\":{\"@id\":\"https:\\\/\\\/www.musee-balzac.fr\\\/en\\\/visit\\\/#breadcrumb\"},\"inLanguage\":\"en-US\",\"potentialAction\":[{\"@type\":\"ReadAction\",\"target\":[\"https:\\\/\\\/www.musee-balzac.fr\\\/en\\\/visit\\\/\"]}]},{\"@type\":\"BreadcrumbList\",\"@id\":\"https:\\\/\\\/www.musee-balzac.fr\\\/en\\\/visit\\\/#breadcrumb\",\"itemListElement\":[{\"@type\":\"ListItem\",\"position\":1,\"name\":\"Accueil\",\"item\":\"https:\\\/\\\/www.musee-balzac.fr\\\/en\\\/\"},{\"@type\":\"ListItem\",\"position\":2,\"name\":\"Balzac Museum Visit\"}]},{\"@type\":\"WebSite\",\"@id\":\"https:\\\/\\\/www.musee-balzac.fr\\\/#website\",\"url\":\"https:\\\/\\\/www.musee-balzac.fr\\\/\",\"name\":\"Mus\u00e9e Balzac\",\"description\":\"\",\"publisher\":{\"@id\":\"https:\\\/\\\/www.musee-balzac.fr\\\/#organization\"},\"potentialAction\":[{\"@type\":\"SearchAction\",\"target\":{\"@type\":\"EntryPoint\",\"urlTemplate\":\"https:\\\/\\\/www.musee-balzac.fr\\\/?s={search_term_string}\"},\"query-input\":{\"@type\":\"PropertyValueSpecification\",\"valueRequired\":true,\"valueName\":\"search_term_string\"}}],\"inLanguage\":\"en-US\"},{\"@type\":\"Organization\",\"@id\":\"https:\\\/\\\/www.musee-balzac.fr\\\/#organization\",\"name\":\"Mus\u00e9e Balzac\",\"url\":\"https:\\\/\\\/www.musee-balzac.fr\\\/\",\"logo\":{\"@type\":\"ImageObject\",\"inLanguage\":\"en-US\",\"@id\":\"https:\\\/\\\/www.musee-balzac.fr\\\/#\\\/schema\\\/logo\\\/image\\\/\",\"url\":\"https:\\\/\\\/www.musee-balzac.fr\\\/wp-content\\\/uploads\\\/2017\\\/06\\\/Groupe-7253.jpg\",\"contentUrl\":\"https:\\\/\\\/www.musee-balzac.fr\\\/wp-content\\\/uploads\\\/2017\\\/06\\\/Groupe-7253.jpg\",\"width\":232,\"height\":190,\"caption\":\"Mus\u00e9e Balzac\"},\"image\":{\"@id\":\"https:\\\/\\\/www.musee-balzac.fr\\\/#\\\/schema\\\/logo\\\/image\\\/\"}}]}<\/script>\n<!-- \/ Yoast SEO plugin. -->","yoast_head_json":{"title":"Mus\u00e9e Balzac - La visite du mus\u00e9e Balzac, d\u00e9couvrez toutes nos offres","description":"Nous vous proposons des offre de visites libres ou guid\u00e9es ainsi que des activit\u00e9s de m\u00e9diation adapt\u00e9es aux familles, scolaires et groupes","robots":{"index":"index","follow":"follow","max-snippet":"max-snippet:-1","max-image-preview":"max-image-preview:large","max-video-preview":"max-video-preview:-1"},"canonical":"https:\/\/www.musee-balzac.fr\/en\/visit\/","twitter_misc":{"Est. reading time":"1 minute"},"schema":{"@context":"https:\/\/schema.org","@graph":[{"@type":"WebPage","@id":"https:\/\/www.musee-balzac.fr\/en\/visit\/","url":"https:\/\/www.musee-balzac.fr\/en\/visit\/","name":"Mus\u00e9e Balzac - La visite du mus\u00e9e Balzac, d\u00e9couvrez toutes nos offres","isPartOf":{"@id":"https:\/\/www.musee-balzac.fr\/#website"},"datePublished":"2021-07-20T09:30:55+00:00","dateModified":"2023-06-15T14:16:46+00:00","description":"Nous vous proposons des offre de visites libres ou guid\u00e9es ainsi que des activit\u00e9s de m\u00e9diation adapt\u00e9es aux familles, scolaires et groupes","breadcrumb":{"@id":"https:\/\/www.musee-balzac.fr\/en\/visit\/#breadcrumb"},"inLanguage":"en-US","potentialAction":[{"@type":"ReadAction","target":["https:\/\/www.musee-balzac.fr\/en\/visit\/"]}]},{"@type":"BreadcrumbList","@id":"https:\/\/www.musee-balzac.fr\/en\/visit\/#breadcrumb","itemListElement":[{"@type":"ListItem","position":1,"name":"Accueil","item":"https:\/\/www.musee-balzac.fr\/en\/"},{"@type":"ListItem","position":2,"name":"Balzac Museum Visit"}]},{"@type":"WebSite","@id":"https:\/\/www.musee-balzac.fr\/#website","url":"https:\/\/www.musee-balzac.fr\/","name":"Mus\u00e9e Balzac","description":"","publisher":{"@id":"https:\/\/www.musee-balzac.fr\/#organization"},"potentialAction":[{"@type":"SearchAction","target":{"@type":"EntryPoint","urlTemplate":"https:\/\/www.musee-balzac.fr\/?s={search_term_string}"},"query-input":{"@type":"PropertyValueSpecification","valueRequired":true,"valueName":"search_term_string"}}],"inLanguage":"en-US"},{"@type":"Organization","@id":"https:\/\/www.musee-balzac.fr\/#organization","name":"Mus\u00e9e Balzac","url":"https:\/\/www.musee-balzac.fr\/","logo":{"@type":"ImageObject","inLanguage":"en-US","@id":"https:\/\/www.musee-balzac.fr\/#\/schema\/logo\/image\/","url":"https:\/\/www.musee-balzac.fr\/wp-content\/uploads\/2017\/06\/Groupe-7253.jpg","contentUrl":"https:\/\/www.musee-balzac.fr\/wp-content\/uploads\/2017\/06\/Groupe-7253.jpg","width":232,"height":190,"caption":"Mus\u00e9e Balzac"},"image":{"@id":"https:\/\/www.musee-balzac.fr\/#\/schema\/logo\/image\/"}}]}},"_links":{"self":[{"href":"https:\/\/www.musee-balzac.fr\/en\/wp-json\/wp\/v2\/pages\/18834","targetHints":{"allow":["GET"]}}],"collection":[{"href":"https:\/\/www.musee-balzac.fr\/en\/wp-json\/wp\/v2\/pages"}],"about":[{"href":"https:\/\/www.musee-balzac.fr\/en\/wp-json\/wp\/v2\/types\/page"}],"author":[{"embeddable":true,"href":"https:\/\/www.musee-balzac.fr\/en\/wp-json\/wp\/v2\/users\/4"}],"replies":[{"embeddable":true,"href":"https:\/\/www.musee-balzac.fr\/en\/wp-json\/wp\/v2\/comments?post=18834"}],"version-history":[{"count":5,"href":"https:\/\/www.musee-balzac.fr\/en\/wp-json\/wp\/v2\/pages\/18834\/revisions"}],"predecessor-version":[{"id":19866,"href":"https:\/\/www.musee-balzac.fr\/en\/wp-json\/wp\/v2\/pages\/18834\/revisions\/19866"}],"wp:attachment":[{"href":"https:\/\/www.musee-balzac.fr\/en\/wp-json\/wp\/v2\/media?parent=18834"}],"curies":[{"name":"wp","href":"https:\/\/api.w.org\/{rel}","templated":true}]}}