{"id":18839,"date":"2016-03-08T15:30:28","date_gmt":"2016-03-08T14:30:28","guid":{"rendered":"https:\/\/www.musee-balzac.fr\/plan-du-site\/"},"modified":"2022-01-11T12:06:03","modified_gmt":"2022-01-11T10:06:03","slug":"plan-du-site","status":"publish","type":"page","link":"https:\/\/www.musee-balzac.fr\/en\/plan-du-site\/","title":{"rendered":"Sitemap"},"content":{"rendered":"<div class=\"wsp-container\"><h2 class=\"wsp-pages-title\">Pages<\/h2>\n<ul class=\"wsp-pages-list\">\n<li class=\"page_item page-item-18806 page_item_has_children\"><a href=\"https:\/\/www.musee-balzac.fr\/en\/contact\/\">Contact<\/a>\n<ul class='children'>\n\t<li class=\"page_item page-item-18838\"><a href=\"https:\/\/www.musee-balzac.fr\/en\/contact\/validation-contact\/\">Validation contact<\/a><\/li>\n<\/ul>\n<\/li>\n<li class=\"page_item page-item-23915\"><a href=\"https:\/\/www.musee-balzac.fr\/en\/faq\/\">FAQ<\/a><\/li>\n<li class=\"page_item page-item-18820\"><a href=\"https:\/\/www.musee-balzac.fr\/en\/newsletter\/\">Newsletter<\/a><\/li>\n<li class=\"page_item page-item-18831\"><a href=\"https:\/\/www.musee-balzac.fr\/en\/events\/\">Events<\/a><\/li>\n<li class=\"page_item page-item-18834 page_item_has_children\"><a href=\"https:\/\/www.musee-balzac.fr\/en\/visit\/\">Balzac Museum Visit<\/a>\n<ul class='children'>\n\t<li class=\"page_item page-item-18826\"><a href=\"https:\/\/www.musee-balzac.fr\/en\/visit\/services-accessibility\/\">Services &#038; accessibility<\/a><\/li>\n\t<li class=\"page_item page-item-18805\"><a href=\"https:\/\/www.musee-balzac.fr\/en\/visit\/your-stay\/\">Your stay<\/a><\/li>\n\t<li class=\"page_item page-item-18827 page_item_has_children\"><a href=\"https:\/\/www.musee-balzac.fr\/en\/visit\/useful-informations\/\">Useful information<\/a>\n\t<ul class='children'>\n\t\t<li class=\"page_item page-item-18414\"><a href=\"https:\/\/www.musee-balzac.fr\/en\/visit\/useful-informations\/privilege_pass\/\">Privilege Pass<\/a><\/li>\n\t<\/ul>\n<\/li>\n\t<li class=\"page_item page-item-18830 page_item_has_children\"><a href=\"https:\/\/www.musee-balzac.fr\/en\/visit\/offers\/\">Visits offer<\/a>\n\t<ul class='children'>\n\t\t<li class=\"page_item page-item-18829\"><a href=\"https:\/\/www.musee-balzac.fr\/en\/visit\/offers\/families\/\">Families<\/a><\/li>\n\t\t<li class=\"page_item page-item-18833\"><a href=\"https:\/\/www.musee-balzac.fr\/en\/visit\/offers\/individuals\/\">Individual visit<\/a><\/li>\n\t\t<li class=\"page_item page-item-19953\"><a href=\"https:\/\/www.musee-balzac.fr\/en\/visit\/offers\/schools\/\">Schools<\/a><\/li>\n\t\t<li class=\"page_item page-item-18821 page_item_has_children\"><a href=\"https:\/\/www.musee-balzac.fr\/en\/visit\/offers\/groups\/\">Groups<\/a>\n\t\t<ul class='children'>\n\t\t\t<li class=\"page_item page-item-18804\"><a href=\"https:\/\/www.musee-balzac.fr\/en\/visit\/offers\/groups\/coffee-tastings\/\">Coffee tastings<\/a><\/li>\n\t\t\t<li class=\"page_item page-item-18807\"><a href=\"https:\/\/www.musee-balzac.fr\/en\/visit\/offers\/groups\/walks\/\">Walks<\/a><\/li>\n\t\t\t<li class=\"page_item page-item-18801\"><a href=\"https:\/\/www.musee-balzac.fr\/en\/visit\/offers\/groups\/printing-workshops\/\">Printing workshops<\/a><\/li>\n\t\t\t<li class=\"page_item page-item-18808\"><a href=\"https:\/\/www.musee-balzac.fr\/en\/visit\/offers\/groups\/presentations-guided-tours\/\">Presentations and guided tours<\/a><\/li>\n\t\t<\/ul>\n<\/li>\n\t<\/ul>\n<\/li>\n\t<li class=\"page_item page-item-18822\"><a href=\"https:\/\/www.musee-balzac.fr\/en\/visit\/welcome-information\/\">Welcome information<\/a><\/li>\n<\/ul>\n<\/li>\n<li class=\"page_item page-item-19829\"><a href=\"https:\/\/www.musee-balzac.fr\/en\/newsletter-confirmation\/\">Newsletter confirmation<\/a><\/li>\n<li class=\"page_item page-item-17740 page_item_has_children\"><a href=\"https:\/\/www.musee-balzac.fr\/en\/explore-the-museum\/\">Explore the Museum<\/a>\n<ul class='children'>\n\t<li class=\"page_item page-item-17741\"><a href=\"https:\/\/www.musee-balzac.fr\/en\/explore-the-museum\/history-of-the-museum\/\">The history of the Museum<\/a><\/li>\n\t<li class=\"page_item page-item-18825\"><a href=\"https:\/\/www.musee-balzac.fr\/en\/explore-the-museum\/grounds\/\">Grounds<\/a><\/li>\n\t<li class=\"page_item page-item-18832\"><a href=\"https:\/\/www.musee-balzac.fr\/en\/explore-the-museum\/balzac-in-sache\/\">Balzac in Sach\u00e9<\/a><\/li>\n\t<li class=\"page_item page-item-18824\"><a href=\"https:\/\/www.musee-balzac.fr\/en\/explore-the-museum\/collections\/\">Collections<\/a><\/li>\n\t<li class=\"page_item page-item-18823 page_item_has_children\"><a href=\"https:\/\/www.musee-balzac.fr\/en\/explore-the-museum\/museum-galleries\/\">Museum galleries<\/a>\n\t<ul class='children'>\n\t\t<li class=\"page_item page-item-21705\"><a href=\"https:\/\/www.musee-balzac.fr\/en\/explore-the-museum\/museum-galleries\/virtual-tour\/\">Virtual tour<\/a><\/li>\n\t<\/ul>\n<\/li>\n<\/ul>\n<\/li>\n<li class=\"page_item page-item-18835\"><a href=\"https:\/\/www.musee-balzac.fr\/en\/go-further\/\">Go further<\/a><\/li>\n<li class=\"page_item page-item-17717\"><a href=\"https:\/\/www.musee-balzac.fr\/en\/\">Welcome to the Ch\u00e2teau de Sach\u00e9 &#8211; Mus\u00e9e Balzac<\/a><\/li>\n<li class=\"page_item page-item-18837\"><a href=\"https:\/\/www.musee-balzac.fr\/en\/legal-notices\/\">Legal notices<\/a><\/li>\n<li class=\"page_item page-item-18839\"><a href=\"https:\/\/www.musee-balzac.fr\/en\/plan-du-site\/\">Sitemap<\/a><\/li>\n<li class=\"page_item page-item-18836\"><a href=\"https:\/\/www.musee-balzac.fr\/en\/confidentiality-policy\/\">Confidentiality Policy<\/a><\/li>\n<\/ul>\n<\/div>\n","protected":false},"excerpt":{"rendered":"","protected":false},"author":4,"featured_media":0,"parent":0,"menu_order":113,"comment_status":"closed","ping_status":"closed","template":"","meta":{"inline_featured_image":false,"footnotes":""},"class_list":["post-18839","page","type-page","status-publish","hentry"],"yoast_head":"<!-- This site is optimized with the Yoast SEO plugin v27.4 - https:\/\/yoast.com\/product\/yoast-seo-wordpress\/ -->\n<title>Sitemap - Mus\u00e9e Balzac<\/title>\n<meta name=\"robots\" content=\"index, follow, max-snippet:-1, max-image-preview:large, max-video-preview:-1\" \/>\n<link rel=\"canonical\" href=\"https:\/\/www.musee-balzac.fr\/en\/plan-du-site\/\" \/>\n<script type=\"application\/ld+json\" class=\"yoast-schema-graph\">{\"@context\":\"https:\\\/\\\/schema.org\",\"@graph\":[{\"@type\":\"WebPage\",\"@id\":\"https:\\\/\\\/www.musee-balzac.fr\\\/en\\\/plan-du-site\\\/\",\"url\":\"https:\\\/\\\/www.musee-balzac.fr\\\/en\\\/plan-du-site\\\/\",\"name\":\"Sitemap - Mus\u00e9e Balzac\",\"isPartOf\":{\"@id\":\"https:\\\/\\\/www.musee-balzac.fr\\\/#website\"},\"datePublished\":\"2016-03-08T14:30:28+00:00\",\"dateModified\":\"2022-01-11T10:06:03+00:00\",\"breadcrumb\":{\"@id\":\"https:\\\/\\\/www.musee-balzac.fr\\\/en\\\/plan-du-site\\\/#breadcrumb\"},\"inLanguage\":\"en-US\",\"potentialAction\":[{\"@type\":\"ReadAction\",\"target\":[\"https:\\\/\\\/www.musee-balzac.fr\\\/en\\\/plan-du-site\\\/\"]}]},{\"@type\":\"BreadcrumbList\",\"@id\":\"https:\\\/\\\/www.musee-balzac.fr\\\/en\\\/plan-du-site\\\/#breadcrumb\",\"itemListElement\":[{\"@type\":\"ListItem\",\"position\":1,\"name\":\"Accueil\",\"item\":\"https:\\\/\\\/www.musee-balzac.fr\\\/en\\\/\"},{\"@type\":\"ListItem\",\"position\":2,\"name\":\"Sitemap\"}]},{\"@type\":\"WebSite\",\"@id\":\"https:\\\/\\\/www.musee-balzac.fr\\\/#website\",\"url\":\"https:\\\/\\\/www.musee-balzac.fr\\\/\",\"name\":\"Mus\u00e9e Balzac\",\"description\":\"\",\"publisher\":{\"@id\":\"https:\\\/\\\/www.musee-balzac.fr\\\/#organization\"},\"potentialAction\":[{\"@type\":\"SearchAction\",\"target\":{\"@type\":\"EntryPoint\",\"urlTemplate\":\"https:\\\/\\\/www.musee-balzac.fr\\\/?s={search_term_string}\"},\"query-input\":{\"@type\":\"PropertyValueSpecification\",\"valueRequired\":true,\"valueName\":\"search_term_string\"}}],\"inLanguage\":\"en-US\"},{\"@type\":\"Organization\",\"@id\":\"https:\\\/\\\/www.musee-balzac.fr\\\/#organization\",\"name\":\"Mus\u00e9e Balzac\",\"url\":\"https:\\\/\\\/www.musee-balzac.fr\\\/\",\"logo\":{\"@type\":\"ImageObject\",\"inLanguage\":\"en-US\",\"@id\":\"https:\\\/\\\/www.musee-balzac.fr\\\/#\\\/schema\\\/logo\\\/image\\\/\",\"url\":\"https:\\\/\\\/www.musee-balzac.fr\\\/wp-content\\\/uploads\\\/2017\\\/06\\\/Groupe-7253.jpg\",\"contentUrl\":\"https:\\\/\\\/www.musee-balzac.fr\\\/wp-content\\\/uploads\\\/2017\\\/06\\\/Groupe-7253.jpg\",\"width\":232,\"height\":190,\"caption\":\"Mus\u00e9e Balzac\"},\"image\":{\"@id\":\"https:\\\/\\\/www.musee-balzac.fr\\\/#\\\/schema\\\/logo\\\/image\\\/\"}}]}<\/script>\n<!-- \/ Yoast SEO plugin. -->","yoast_head_json":{"title":"Sitemap - Mus\u00e9e Balzac","robots":{"index":"index","follow":"follow","max-snippet":"max-snippet:-1","max-image-preview":"max-image-preview:large","max-video-preview":"max-video-preview:-1"},"canonical":"https:\/\/www.musee-balzac.fr\/en\/plan-du-site\/","schema":{"@context":"https:\/\/schema.org","@graph":[{"@type":"WebPage","@id":"https:\/\/www.musee-balzac.fr\/en\/plan-du-site\/","url":"https:\/\/www.musee-balzac.fr\/en\/plan-du-site\/","name":"Sitemap - Mus\u00e9e Balzac","isPartOf":{"@id":"https:\/\/www.musee-balzac.fr\/#website"},"datePublished":"2016-03-08T14:30:28+00:00","dateModified":"2022-01-11T10:06:03+00:00","breadcrumb":{"@id":"https:\/\/www.musee-balzac.fr\/en\/plan-du-site\/#breadcrumb"},"inLanguage":"en-US","potentialAction":[{"@type":"ReadAction","target":["https:\/\/www.musee-balzac.fr\/en\/plan-du-site\/"]}]},{"@type":"BreadcrumbList","@id":"https:\/\/www.musee-balzac.fr\/en\/plan-du-site\/#breadcrumb","itemListElement":[{"@type":"ListItem","position":1,"name":"Accueil","item":"https:\/\/www.musee-balzac.fr\/en\/"},{"@type":"ListItem","position":2,"name":"Sitemap"}]},{"@type":"WebSite","@id":"https:\/\/www.musee-balzac.fr\/#website","url":"https:\/\/www.musee-balzac.fr\/","name":"Mus\u00e9e Balzac","description":"","publisher":{"@id":"https:\/\/www.musee-balzac.fr\/#organization"},"potentialAction":[{"@type":"SearchAction","target":{"@type":"EntryPoint","urlTemplate":"https:\/\/www.musee-balzac.fr\/?s={search_term_string}"},"query-input":{"@type":"PropertyValueSpecification","valueRequired":true,"valueName":"search_term_string"}}],"inLanguage":"en-US"},{"@type":"Organization","@id":"https:\/\/www.musee-balzac.fr\/#organization","name":"Mus\u00e9e Balzac","url":"https:\/\/www.musee-balzac.fr\/","logo":{"@type":"ImageObject","inLanguage":"en-US","@id":"https:\/\/www.musee-balzac.fr\/#\/schema\/logo\/image\/","url":"https:\/\/www.musee-balzac.fr\/wp-content\/uploads\/2017\/06\/Groupe-7253.jpg","contentUrl":"https:\/\/www.musee-balzac.fr\/wp-content\/uploads\/2017\/06\/Groupe-7253.jpg","width":232,"height":190,"caption":"Mus\u00e9e Balzac"},"image":{"@id":"https:\/\/www.musee-balzac.fr\/#\/schema\/logo\/image\/"}}]}},"_links":{"self":[{"href":"https:\/\/www.musee-balzac.fr\/en\/wp-json\/wp\/v2\/pages\/18839","targetHints":{"allow":["GET"]}}],"collection":[{"href":"https:\/\/www.musee-balzac.fr\/en\/wp-json\/wp\/v2\/pages"}],"about":[{"href":"https:\/\/www.musee-balzac.fr\/en\/wp-json\/wp\/v2\/types\/page"}],"author":[{"embeddable":true,"href":"https:\/\/www.musee-balzac.fr\/en\/wp-json\/wp\/v2\/users\/4"}],"replies":[{"embeddable":true,"href":"https:\/\/www.musee-balzac.fr\/en\/wp-json\/wp\/v2\/comments?post=18839"}],"version-history":[{"count":1,"href":"https:\/\/www.musee-balzac.fr\/en\/wp-json\/wp\/v2\/pages\/18839\/revisions"}],"predecessor-version":[{"id":19562,"href":"https:\/\/www.musee-balzac.fr\/en\/wp-json\/wp\/v2\/pages\/18839\/revisions\/19562"}],"wp:attachment":[{"href":"https:\/\/www.musee-balzac.fr\/en\/wp-json\/wp\/v2\/media?parent=18839"}],"curies":[{"name":"wp","href":"https:\/\/api.w.org\/{rel}","templated":true}]}}